{"id":1534,"date":"2025-11-14T19:29:33","date_gmt":"2025-11-14T19:29:33","guid":{"rendered":"https:\/\/www.mundilibros.cl\/web\/?post_type=product&#038;p=1534"},"modified":"2025-12-17T18:46:31","modified_gmt":"2025-12-17T18:46:31","slug":"it-eso","status":"publish","type":"product","link":"https:\/\/www.mundilibros.cl\/web\/producto\/it-eso\/","title":{"rendered":"IT (ESO)"},"content":{"rendered":"<p><b>Qui\u00e9n o qu\u00e9 mutila y mata a los ni\u00f1os de un peque\u00f1o pueblo norteamericano?<\/b><br \/>\n<b>\u00bfPor qu\u00e9 llega c\u00edclicamente el horror a Derry en forma de un payaso siniestro que va sembrando la destrucci\u00f3n a su paso?<\/b><\/p>\n","protected":false},"excerpt":{"rendered":"<p>Qui\u00e9n o qu\u00e9 mutila y mata a los ni\u00f1os de un peque\u00f1o pueblo norteamericano? \u00bfPor qu\u00e9 llega c\u00edclicamente el horror a Derry en forma de un<span class=\"excerpt-hellip\"> [\u2026]<\/span><\/p>\n","protected":false},"featured_media":1549,"comment_status":"closed","ping_status":"closed","template":"","meta":[],"product_brand":[],"product_cat":[29],"product_tag":[],"class_list":{"0":"post-1534","1":"product","2":"type-product","3":"status-publish","4":"has-post-thumbnail","6":"product_cat-suspenso-terror","8":"first","9":"outofstock","10":"taxable","11":"shipping-taxable","12":"purchasable","13":"product-type-simple"},"_links":{"self":[{"href":"https:\/\/www.mundilibros.cl\/web\/wp-json\/wp\/v2\/product\/1534","targetHints":{"allow":["GET"]}}],"collection":[{"href":"https:\/\/www.mundilibros.cl\/web\/wp-json\/wp\/v2\/product"}],"about":[{"href":"https:\/\/www.mundilibros.cl\/web\/wp-json\/wp\/v2\/types\/product"}],"replies":[{"embeddable":true,"href":"https:\/\/www.mundilibros.cl\/web\/wp-json\/wp\/v2\/comments?post=1534"}],"wp:featuredmedia":[{"embeddable":true,"href":"https:\/\/www.mundilibros.cl\/web\/wp-json\/wp\/v2\/media\/1549"}],"wp:attachment":[{"href":"https:\/\/www.mundilibros.cl\/web\/wp-json\/wp\/v2\/media?parent=1534"}],"wp:term":[{"taxonomy":"product_brand","embeddable":true,"href":"https:\/\/www.mundilibros.cl\/web\/wp-json\/wp\/v2\/product_brand?post=1534"},{"taxonomy":"product_cat","embeddable":true,"href":"https:\/\/www.mundilibros.cl\/web\/wp-json\/wp\/v2\/product_cat?post=1534"},{"taxonomy":"product_tag","embeddable":true,"href":"https:\/\/www.mundilibros.cl\/web\/wp-json\/wp\/v2\/product_tag?post=1534"}],"curies":[{"name":"wp","href":"https:\/\/api.w.org\/{rel}","templated":true}]}}