{"id":1537,"date":"2025-11-14T19:29:34","date_gmt":"2025-11-14T19:29:34","guid":{"rendered":"https:\/\/www.mundilibros.cl\/web\/?post_type=product&#038;p=1537"},"modified":"2025-11-14T19:30:17","modified_gmt":"2025-11-14T19:30:17","slug":"roba-como-un-artista","status":"publish","type":"product","link":"https:\/\/www.mundilibros.cl\/web\/producto\/roba-como-un-artista\/","title":{"rendered":"ROBA COMO UN ARTISTA"},"content":{"rendered":"<p><b>En este libro, Austin Kleon te comparte diez principios para descubrir tu lado art\u00edstico.<\/b><\/p>\n<div id=\"description\" class=\"tab-pane in active\">\n<div class=\"product-description\">\n<div class=\"rte-content\">\n<div class=\"p_leer_menos\">\n<p><b>De Austin Kleon, el autor de la colecci\u00f3n de poes\u00eda\u00a0<i>Newspaper blackout<\/i>.<\/b><\/p>\n<p><b><i>Roba como un artista<\/i>\u00a0ayuda a los lectores a descubrir su lado art\u00edstico y a tener una vida mucho m\u00e1s creativa.<\/b><\/p>\n<p>Nada es original, dice el autor, as\u00ed que mejor acepta las influencias, instr\u00fayete en el trabajo de los dem\u00e1s, reimagina y mezcla tu propio camino. Encuentra un pasatiempo que ames y convi\u00e9rtelo en tu trabajo: escribe el libro que te gustar\u00eda leer y la pel\u00edcula que te gustar\u00eda ver. Y pues, ya sabes: no te endeudes, come sano, act\u00faa con sentido com\u00fan, \u00a1y atr\u00e9vete a ser aventado y osado!<\/p>\n<p>No importa si eres un artista gr\u00e1fico, musical o de \u00f3leo, un artista de alg\u00fan deporte, un escritor, pintor o dise\u00f1ador&#8230; la\u00a0<b>creatividad<\/b>\u00a0se escapa f\u00e1cilmente de cualquier mente. S\u00f3lo necesitas los diez pasos de\u00a0<b>Austin Kleon<\/b>\u00a0para poner en orden desde tu mente hasta tu escritorio y recuperar la creatividad y la confianza en aquello que creas.<\/p>\n<p>\u00bfLas diez cosas que necesitas para desatar tu creatividad?:<\/p>\n<p>1. Roba como un artista.<\/p>\n<p>2. No esperes hasta saber qui\u00e9n eres para poner las cosas en marcha.<\/p>\n<p>3. Escribe el libro que quieres leer.<\/p>\n<p>4. Usa tus manos.<\/p>\n<p>5. Los proyectos extras y los\u00a0<i>hobbies<\/i>\u00a0son importantes.<\/p>\n<p>6. El secreto: Haz un buen trabajo y comp\u00e1rtelo.<\/p>\n<p>7. La geograf\u00eda ya no manda.<\/p>\n<p>8. S\u00e9 amable. (El mundo es un pa\u00f1uelo).<\/p>\n<p>9. S\u00e9 aburrido. (Es la \u00fanica forma de trabajar.).<\/p>\n<p>10. Creatividad tambi\u00e9n es restar.<\/p>\n<p><b>Lo que ha dicho la cr\u00edtica:<\/b><\/p>\n<p>\u00abEl libro en su conjunto resulta tremendamente divertido y entretenido\u00bb. -Sarah Manzano,\u00a0<i>Papel en blanco<\/i>.<\/p>\n<p>Lo que ha dicho la cr\u00edtica:<\/p>\n<p>\u00abEl libro en su conjunto resulta tremendamente divertido y entretenido\u00bb. -Sarah Manzano, Papel en blanco.<\/p>\n<\/div>\n<p><a class=\"l_leer_menos\">Leer menos<\/a><\/div>\n<\/div>\n<\/div>\n<div class=\"tabs product-tabs\"><\/div>\n","protected":false},"excerpt":{"rendered":"<p>En este libro, Austin Kleon te comparte diez principios para descubrir tu lado art\u00edstico. De Austin Kleon, el autor de la colecci\u00f3n de poes\u00eda\u00a0Newspaper blackout. Roba<span class=\"excerpt-hellip\"> [\u2026]<\/span><\/p>\n","protected":false},"featured_media":1552,"comment_status":"closed","ping_status":"closed","template":"","meta":[],"product_brand":[],"product_cat":[129,46],"product_tag":[],"class_list":{"0":"post-1537","1":"product","2":"type-product","3":"status-publish","4":"has-post-thumbnail","6":"product_cat-arte-musica-poesia","7":"product_cat-autoayuda","9":"first","10":"outofstock","11":"sale","12":"featured","13":"taxable","14":"shipping-taxable","15":"purchasable","16":"product-type-simple"},"_links":{"self":[{"href":"https:\/\/www.mundilibros.cl\/web\/wp-json\/wp\/v2\/product\/1537","targetHints":{"allow":["GET"]}}],"collection":[{"href":"https:\/\/www.mundilibros.cl\/web\/wp-json\/wp\/v2\/product"}],"about":[{"href":"https:\/\/www.mundilibros.cl\/web\/wp-json\/wp\/v2\/types\/product"}],"replies":[{"embeddable":true,"href":"https:\/\/www.mundilibros.cl\/web\/wp-json\/wp\/v2\/comments?post=1537"}],"wp:featuredmedia":[{"embeddable":true,"href":"https:\/\/www.mundilibros.cl\/web\/wp-json\/wp\/v2\/media\/1552"}],"wp:attachment":[{"href":"https:\/\/www.mundilibros.cl\/web\/wp-json\/wp\/v2\/media?parent=1537"}],"wp:term":[{"taxonomy":"product_brand","embeddable":true,"href":"https:\/\/www.mundilibros.cl\/web\/wp-json\/wp\/v2\/product_brand?post=1537"},{"taxonomy":"product_cat","embeddable":true,"href":"https:\/\/www.mundilibros.cl\/web\/wp-json\/wp\/v2\/product_cat?post=1537"},{"taxonomy":"product_tag","embeddable":true,"href":"https:\/\/www.mundilibros.cl\/web\/wp-json\/wp\/v2\/product_tag?post=1537"}],"curies":[{"name":"wp","href":"https:\/\/api.w.org\/{rel}","templated":true}]}}