{"id":1538,"date":"2025-11-14T19:29:34","date_gmt":"2025-11-14T19:29:34","guid":{"rendered":"https:\/\/www.mundilibros.cl\/web\/?post_type=product&#038;p=1538"},"modified":"2025-12-13T14:56:19","modified_gmt":"2025-12-13T14:56:19","slug":"de-mi-para-mi-2-puedes-con-esto-y-mas","status":"publish","type":"product","link":"https:\/\/www.mundilibros.cl\/web\/producto\/de-mi-para-mi-2-puedes-con-esto-y-mas\/","title":{"rendered":"DE MI PARA MI 2 . PUEDES CON ESTO Y MAS"},"content":{"rendered":"<p><span class=\"a-text-bold\">Si est\u00e1s leyendo esto, es porque nos merecemos hacer este viaje.<\/span>\u00a0Es tiempo de entender que para curar de verdad, debemos de dejar de ignorar nuestra herida. Que es necesario enfrentar los problemas y no seguir huyendo de ellos. Te aseguro que, por m\u00e1s dif\u00edcil que parezca, no todo est\u00e1 perdido; el sol volver\u00e1 a brillar.<\/p>\n<p>Por alguna raz\u00f3n est\u00e1s aqu\u00ed, ley\u00e9ndome, y quiero recordarte que la tormenta pasar\u00e1. Que hay esperanza incluso en medio del desastre, y ninguna persona vale tanto para que dejemos de querernos a nosotros mismos por mendigar su amor.<\/p>\n<p>Todo tiene su tiempo, y te aseguro que, despu\u00e9s de este viaje, no seremos los mismos. Cada cosa que ha sucedido nos est\u00e1 moldeando para el mejor momento de nuestras vidas. No es tiempo para rendirnos. No dudes de ti. Nos hemos levantado un y otra vez, y esta no ser\u00e1 la excepci\u00f3n.<\/p>\n<p>Las personas que han fallecido no nos han abandonado. El amor verdadero no acaba con la muerte. Las conexiones reales perduran m\u00e1s all\u00e1 del cuerpo. Perm\u00edtete llorar, t\u00f3mate el tiempo que necesites, sin prisa, y recuerda: siempre es posible comenzar de nuevo.<\/p>\n<p><span class=\"a-text-bold\">Nunca es tarde para perdonar nuestros errores y otorgarnos una segunda oportunidad.<\/span><\/p>\n","protected":false},"excerpt":{"rendered":"<p>Si est\u00e1s leyendo esto, es porque nos merecemos hacer este viaje.\u00a0Es tiempo de entender que para curar de verdad, debemos de dejar de ignorar nuestra herida.<span class=\"excerpt-hellip\"> [\u2026]<\/span><\/p>\n","protected":false},"featured_media":1559,"comment_status":"closed","ping_status":"closed","template":"","meta":[],"product_brand":[],"product_cat":[46,58],"product_tag":[],"class_list":{"0":"post-1538","1":"product","2":"type-product","3":"status-publish","4":"has-post-thumbnail","6":"product_cat-autoayuda","7":"product_cat-juvenil","9":"first","10":"instock","11":"featured","12":"taxable","13":"shipping-taxable","14":"purchasable","15":"product-type-simple"},"_links":{"self":[{"href":"https:\/\/www.mundilibros.cl\/web\/wp-json\/wp\/v2\/product\/1538","targetHints":{"allow":["GET"]}}],"collection":[{"href":"https:\/\/www.mundilibros.cl\/web\/wp-json\/wp\/v2\/product"}],"about":[{"href":"https:\/\/www.mundilibros.cl\/web\/wp-json\/wp\/v2\/types\/product"}],"replies":[{"embeddable":true,"href":"https:\/\/www.mundilibros.cl\/web\/wp-json\/wp\/v2\/comments?post=1538"}],"wp:featuredmedia":[{"embeddable":true,"href":"https:\/\/www.mundilibros.cl\/web\/wp-json\/wp\/v2\/media\/1559"}],"wp:attachment":[{"href":"https:\/\/www.mundilibros.cl\/web\/wp-json\/wp\/v2\/media?parent=1538"}],"wp:term":[{"taxonomy":"product_brand","embeddable":true,"href":"https:\/\/www.mundilibros.cl\/web\/wp-json\/wp\/v2\/product_brand?post=1538"},{"taxonomy":"product_cat","embeddable":true,"href":"https:\/\/www.mundilibros.cl\/web\/wp-json\/wp\/v2\/product_cat?post=1538"},{"taxonomy":"product_tag","embeddable":true,"href":"https:\/\/www.mundilibros.cl\/web\/wp-json\/wp\/v2\/product_tag?post=1538"}],"curies":[{"name":"wp","href":"https:\/\/api.w.org\/{rel}","templated":true}]}}