{"id":1553,"date":"2025-11-14T19:30:18","date_gmt":"2025-11-14T19:30:18","guid":{"rendered":"https:\/\/www.mundilibros.cl\/web\/?post_type=product&#038;p=1553"},"modified":"2025-12-16T20:09:10","modified_gmt":"2025-12-16T20:09:10","slug":"ansiosamente","status":"publish","type":"product","link":"https:\/\/www.mundilibros.cl\/web\/producto\/ansiosamente\/","title":{"rendered":"ANSIOSAMENTE"},"content":{"rendered":"<p>Muchas veces un mensaje contundente puede ser lo que necesitamos para aprender a afrontar cualquier condici\u00f3n que amenace nuestro bienestar. Quienes hemos padecido de ansiedad sabemos qu\u00e9 tan intensa, en el peor sentido posible, se puede volver nuestra existencia.<br \/>\nTienes a tu disposici\u00f3n muchas herramientas, pero es el poder que radica en ti lo que este libro busca despertar. Cuando lo acabes te sentir\u00e1s reconciliado con la vida, e incluso con la ansiedad, entendiendo la causa de su presencia y conociendo las v\u00edas m\u00e1s efectivas para neutralizarla.<br \/>\nAprender\u00e1s de la ansiedad, pero sobre todo aprender\u00e1s de ti, para que nunca m\u00e1s vuelvas a estar en la situaci\u00f3n en la que probablemente te encuentres ahora.<br \/>\nNo pretendo convencerte de que cada una de las palabras de este libro te est\u00e1 buscando, porque t\u00fa lo sientes, t\u00fa lo sabes. As\u00ed que,\u00a0\u00a1nos vemos dentro!<\/p>\n","protected":false},"excerpt":{"rendered":"<p>Muchas veces un mensaje contundente puede ser lo que necesitamos para aprender a afrontar cualquier condici\u00f3n que amenace nuestro bienestar. Quienes hemos padecido de ansiedad sabemos<span class=\"excerpt-hellip\"> [\u2026]<\/span><\/p>\n","protected":false},"featured_media":1564,"comment_status":"closed","ping_status":"closed","template":"","meta":[],"product_brand":[],"product_cat":[46],"product_tag":[],"class_list":{"0":"post-1553","1":"product","2":"type-product","3":"status-publish","4":"has-post-thumbnail","6":"product_cat-autoayuda","8":"first","9":"outofstock","10":"featured","11":"taxable","12":"shipping-taxable","13":"purchasable","14":"product-type-simple"},"_links":{"self":[{"href":"https:\/\/www.mundilibros.cl\/web\/wp-json\/wp\/v2\/product\/1553","targetHints":{"allow":["GET"]}}],"collection":[{"href":"https:\/\/www.mundilibros.cl\/web\/wp-json\/wp\/v2\/product"}],"about":[{"href":"https:\/\/www.mundilibros.cl\/web\/wp-json\/wp\/v2\/types\/product"}],"replies":[{"embeddable":true,"href":"https:\/\/www.mundilibros.cl\/web\/wp-json\/wp\/v2\/comments?post=1553"}],"wp:featuredmedia":[{"embeddable":true,"href":"https:\/\/www.mundilibros.cl\/web\/wp-json\/wp\/v2\/media\/1564"}],"wp:attachment":[{"href":"https:\/\/www.mundilibros.cl\/web\/wp-json\/wp\/v2\/media?parent=1553"}],"wp:term":[{"taxonomy":"product_brand","embeddable":true,"href":"https:\/\/www.mundilibros.cl\/web\/wp-json\/wp\/v2\/product_brand?post=1553"},{"taxonomy":"product_cat","embeddable":true,"href":"https:\/\/www.mundilibros.cl\/web\/wp-json\/wp\/v2\/product_cat?post=1553"},{"taxonomy":"product_tag","embeddable":true,"href":"https:\/\/www.mundilibros.cl\/web\/wp-json\/wp\/v2\/product_tag?post=1553"}],"curies":[{"name":"wp","href":"https:\/\/api.w.org\/{rel}","templated":true}]}}