{"id":1554,"date":"2025-11-14T19:30:18","date_gmt":"2025-11-14T19:30:18","guid":{"rendered":"https:\/\/www.mundilibros.cl\/web\/?post_type=product&#038;p=1554"},"modified":"2026-01-26T21:57:21","modified_gmt":"2026-01-26T21:57:21","slug":"mi-nombre-es-emilia-del-valle","status":"publish","type":"product","link":"https:\/\/www.mundilibros.cl\/web\/producto\/mi-nombre-es-emilia-del-valle\/","title":{"rendered":"MI NOMBRE ES EMILIA DEL VALLE"},"content":{"rendered":"<p>San Francisco, 1866: una monja irlandesa, abandonada por un arist\u00f3crata chileno tras una apasionada relaci\u00f3n, da a luz a una ni\u00f1a llamada Emilia del Valle, una joven brillante que desafiar\u00e1 las normas sociales de su tiempo para profesar su verdadera pasi\u00f3n: la escritura.<\/p>\n<p>Tras conseguir trabajo como periodista, se le presentar\u00e1 la oportunidad de viajar como corresponsal a la ferviente guerra civil en Chile, donde se encontrar\u00e1 una naci\u00f3n en quiebra.<\/p>\n<p>Mientras cubre el conflicto b\u00e9lico, aprovechar\u00e1 la estancia en el pa\u00eds para explorar sus v\u00ednculos con la familia Del Valle y conocer a su padre. Soportar\u00e1 situaciones de terrible violencia que la llevar\u00e1n al descubrimiento de su destino y su identidad.<\/p>\n<p>Una cautivadora historia de descubrimiento y redenci\u00f3n.<\/p>\n","protected":false},"excerpt":{"rendered":"<p>San Francisco, 1866: una monja irlandesa, abandonada por un arist\u00f3crata chileno tras una apasionada relaci\u00f3n, da a luz a una ni\u00f1a llamada Emilia del Valle, una<span class=\"excerpt-hellip\"> [\u2026]<\/span><\/p>\n","protected":false},"featured_media":1565,"comment_status":"closed","ping_status":"closed","template":"","meta":[],"product_brand":[],"product_cat":[537],"product_tag":[],"class_list":{"0":"post-1554","1":"product","2":"type-product","3":"status-publish","4":"has-post-thumbnail","6":"product_cat-novedades","8":"first","9":"instock","10":"featured","11":"taxable","12":"shipping-taxable","13":"purchasable","14":"product-type-simple"},"_links":{"self":[{"href":"https:\/\/www.mundilibros.cl\/web\/wp-json\/wp\/v2\/product\/1554","targetHints":{"allow":["GET"]}}],"collection":[{"href":"https:\/\/www.mundilibros.cl\/web\/wp-json\/wp\/v2\/product"}],"about":[{"href":"https:\/\/www.mundilibros.cl\/web\/wp-json\/wp\/v2\/types\/product"}],"replies":[{"embeddable":true,"href":"https:\/\/www.mundilibros.cl\/web\/wp-json\/wp\/v2\/comments?post=1554"}],"wp:featuredmedia":[{"embeddable":true,"href":"https:\/\/www.mundilibros.cl\/web\/wp-json\/wp\/v2\/media\/1565"}],"wp:attachment":[{"href":"https:\/\/www.mundilibros.cl\/web\/wp-json\/wp\/v2\/media?parent=1554"}],"wp:term":[{"taxonomy":"product_brand","embeddable":true,"href":"https:\/\/www.mundilibros.cl\/web\/wp-json\/wp\/v2\/product_brand?post=1554"},{"taxonomy":"product_cat","embeddable":true,"href":"https:\/\/www.mundilibros.cl\/web\/wp-json\/wp\/v2\/product_cat?post=1554"},{"taxonomy":"product_tag","embeddable":true,"href":"https:\/\/www.mundilibros.cl\/web\/wp-json\/wp\/v2\/product_tag?post=1554"}],"curies":[{"name":"wp","href":"https:\/\/api.w.org\/{rel}","templated":true}]}}