{"id":1570,"date":"2025-11-14T19:30:39","date_gmt":"2025-11-14T19:30:39","guid":{"rendered":"https:\/\/www.mundilibros.cl\/web\/?post_type=product&#038;p=1570"},"modified":"2025-12-13T14:55:12","modified_gmt":"2025-12-13T14:55:12","slug":"el-camino-de-las-bestias","status":"publish","type":"product","link":"https:\/\/www.mundilibros.cl\/web\/producto\/el-camino-de-las-bestias\/","title":{"rendered":"EL CAMINO DE LAS BESTIAS"},"content":{"rendered":"<p>Con una pluma arrolladora, inquietante, pero por sobre todo adictiva, Carlos Pinto nos invita a ser testigos de un relato que excede los m\u00e1rgenes de la cordura.<\/p>\n<p>A costa de perder su libertad, un hombre acude ante la polic\u00eda para confesar un asesinato, cuya v\u00edctima -asegura- est\u00e1 oculta en el coraz\u00f3n del desierto de Atacama. A partir de all\u00ed, comienza una vor\u00e1gine de inesperados sucesos que atrapar\u00e1n al lector. Detectives que trabajan contra el tiempo y un ciudadano promedio cuyas motivaciones para autoinculparse desconocemos. El desierto como silencioso testigo de un hecho escalofriante.<\/p>\n<p>Una vez m\u00e1s Carlos Pinto, se introduce en la psiquis de sus personajes para explorar aquellos oscuros laberintos donde reside la bestia que duerme en cada uno de nosotros. Y a partir de esta historia, inspirada en un caso real, plantea que esta animalidad podr\u00eda aflorar\u2026 el d\u00eda menos pensado.<\/p>\n","protected":false},"excerpt":{"rendered":"<p>Con una pluma arrolladora, inquietante, pero por sobre todo adictiva, Carlos Pinto nos invita a ser testigos de un relato que excede los m\u00e1rgenes de la<span class=\"excerpt-hellip\"> [\u2026]<\/span><\/p>\n","protected":false},"featured_media":1573,"comment_status":"closed","ping_status":"closed","template":"","meta":[],"product_brand":[],"product_cat":[85],"product_tag":[],"class_list":{"0":"post-1570","1":"product","2":"type-product","3":"status-publish","4":"has-post-thumbnail","6":"product_cat-novela-policial","8":"first","9":"outofstock","10":"taxable","11":"shipping-taxable","12":"purchasable","13":"product-type-simple"},"_links":{"self":[{"href":"https:\/\/www.mundilibros.cl\/web\/wp-json\/wp\/v2\/product\/1570","targetHints":{"allow":["GET"]}}],"collection":[{"href":"https:\/\/www.mundilibros.cl\/web\/wp-json\/wp\/v2\/product"}],"about":[{"href":"https:\/\/www.mundilibros.cl\/web\/wp-json\/wp\/v2\/types\/product"}],"replies":[{"embeddable":true,"href":"https:\/\/www.mundilibros.cl\/web\/wp-json\/wp\/v2\/comments?post=1570"}],"wp:featuredmedia":[{"embeddable":true,"href":"https:\/\/www.mundilibros.cl\/web\/wp-json\/wp\/v2\/media\/1573"}],"wp:attachment":[{"href":"https:\/\/www.mundilibros.cl\/web\/wp-json\/wp\/v2\/media?parent=1570"}],"wp:term":[{"taxonomy":"product_brand","embeddable":true,"href":"https:\/\/www.mundilibros.cl\/web\/wp-json\/wp\/v2\/product_brand?post=1570"},{"taxonomy":"product_cat","embeddable":true,"href":"https:\/\/www.mundilibros.cl\/web\/wp-json\/wp\/v2\/product_cat?post=1570"},{"taxonomy":"product_tag","embeddable":true,"href":"https:\/\/www.mundilibros.cl\/web\/wp-json\/wp\/v2\/product_tag?post=1570"}],"curies":[{"name":"wp","href":"https:\/\/api.w.org\/{rel}","templated":true}]}}