{"id":1572,"date":"2025-11-14T19:30:39","date_gmt":"2025-11-14T19:30:39","guid":{"rendered":"https:\/\/www.mundilibros.cl\/web\/?post_type=product&#038;p=1572"},"modified":"2026-02-05T20:34:48","modified_gmt":"2026-02-05T20:34:48","slug":"indigno-de-ser-humano","status":"publish","type":"product","link":"https:\/\/www.mundilibros.cl\/web\/producto\/indigno-de-ser-humano\/","title":{"rendered":"INDIGNO DE SER HUMANO"},"content":{"rendered":"<p>indigno de ser humano es un cl\u00e1sico de la literatura japonesa contempor\u00e1nea. Cuenta la historia del declive de Yozo, un joven estudiante de provincia que se entrega a una vida de excesos en Tokio. Repudiado por su familia tras un intento de suicidio e incapaz de vivir en armon\u00eda con sus semejantes, Yozo sobrevive como dibujante de manga, aunque es mantenido principalmente por mujeres que se enamoran de \u00e9l pese a su alcoholismo y adicci\u00f3n a la morfina. Consciente de su esp\u00edritu decadente, Yozo narra en primera persona su destino tr\u00e1gico mientras se r\u00ede de su propia desgracia. Osamu Dazai, considerado un enfant terrible a la vez que un genio en Jap\u00f3n, incorpor\u00f3 algunos episodios de su vida en la novela, por lo que se suele considerar autobiogr\u00e1fica. De su vida, y en particular de Indigno de ser humano, se han realizado varias adaptaciones al cine y la televisi\u00f3n, incluyendo dos adaptaciones a manga llevadas a cabo por Junji Ito y Usamaru Furuya. Desde su publicaci\u00f3n en 1948, la novela se ha vuelto uno de los libros m\u00e1s populares de la literatura japonesa, y es el segundo libro nip\u00f3n m\u00e1s le\u00eddo en su pa\u00eds, superado \u00fanicamente por Kokoro de Natsume Soseki.<\/p>\n","protected":false},"excerpt":{"rendered":"<p>indigno de ser humano es un cl\u00e1sico de la literatura japonesa contempor\u00e1nea. Cuenta la historia del declive de Yozo, un joven estudiante de provincia que se<span class=\"excerpt-hellip\"> [\u2026]<\/span><\/p>\n","protected":false},"featured_media":1575,"comment_status":"closed","ping_status":"closed","template":"","meta":[],"product_brand":[],"product_cat":[110,537],"product_tag":[],"class_list":{"0":"post-1572","1":"product","2":"type-product","3":"status-publish","4":"has-post-thumbnail","6":"product_cat-clasicos","7":"product_cat-novedades","9":"first","10":"outofstock","11":"taxable","12":"shipping-taxable","13":"purchasable","14":"product-type-simple"},"_links":{"self":[{"href":"https:\/\/www.mundilibros.cl\/web\/wp-json\/wp\/v2\/product\/1572","targetHints":{"allow":["GET"]}}],"collection":[{"href":"https:\/\/www.mundilibros.cl\/web\/wp-json\/wp\/v2\/product"}],"about":[{"href":"https:\/\/www.mundilibros.cl\/web\/wp-json\/wp\/v2\/types\/product"}],"replies":[{"embeddable":true,"href":"https:\/\/www.mundilibros.cl\/web\/wp-json\/wp\/v2\/comments?post=1572"}],"wp:featuredmedia":[{"embeddable":true,"href":"https:\/\/www.mundilibros.cl\/web\/wp-json\/wp\/v2\/media\/1575"}],"wp:attachment":[{"href":"https:\/\/www.mundilibros.cl\/web\/wp-json\/wp\/v2\/media?parent=1572"}],"wp:term":[{"taxonomy":"product_brand","embeddable":true,"href":"https:\/\/www.mundilibros.cl\/web\/wp-json\/wp\/v2\/product_brand?post=1572"},{"taxonomy":"product_cat","embeddable":true,"href":"https:\/\/www.mundilibros.cl\/web\/wp-json\/wp\/v2\/product_cat?post=1572"},{"taxonomy":"product_tag","embeddable":true,"href":"https:\/\/www.mundilibros.cl\/web\/wp-json\/wp\/v2\/product_tag?post=1572"}],"curies":[{"name":"wp","href":"https:\/\/api.w.org\/{rel}","templated":true}]}}