{"id":1578,"date":"2025-11-19T21:01:48","date_gmt":"2025-11-19T21:01:48","guid":{"rendered":"https:\/\/www.mundilibros.cl\/web\/?post_type=product&#038;p=1578"},"modified":"2026-01-26T21:48:09","modified_gmt":"2026-01-26T21:48:09","slug":"libro-gordo-de-31-minutos","status":"publish","type":"product","link":"https:\/\/www.mundilibros.cl\/web\/producto\/libro-gordo-de-31-minutos\/","title":{"rendered":"LIBRO GORDO DE 31 MINUTOS"},"content":{"rendered":"<p>\u00a1La gu\u00eda del noticiero 31 minutos m\u00e1s completa jam\u00e1s escrita!<\/p>\n<p>CORREGIDA Y AUMENTADA<\/p>\n<p>LAS 4 TEMPORADAS<br \/>\nSHOWS EN VIVO<br \/>\n+ CANCIONES<br \/>\n+ PERSONAJES<br \/>\n+ DATOS<br \/>\n&#8211; ERRORES ORTOGR\u00c1FICOS!<\/p>\n<p>\u00abEl Libro Gordo recopila tantos datos de 31 minutos como estrellas hay en el mar (estrellas de mar, por supuesto). granos de arena hay en un reloj (reloj de arena. Por supuesto) o chinos hay en un restar\u00e1n (restor\u00e1n chino por supuesto). Sobre el muchacho encargado de escribirlo. puedo decir que me hizo demasiadas preguntas y me dej\u00f3 loco, tuve que cambiarme de casa. tel\u00e9fono y correo electr\u00f3nico para que no pueda ubicarme nunca m\u00e1s. Bueno, disfr\u00fatenlo tanto como yo he disfrutado la pizza que me estoy comiendo justo ahora. cuando tem1lnode escribir esto\u00bb.<\/p>\n<p>-H.H. Huachimingo<\/p>\n<p>\u201cLa obra que acumula m\u00e1s datos irrelevantes en todo el universo\u201d<\/p>\n<p>-Tulio Trivi\u00f1o<\/p>\n<p>INCLUYE:<\/p>\n<p>Gu\u00eda de episodios<br \/>\nFichas de personajes<br \/>\nFrases memorables<br \/>\nReferencias rebuscadas<br \/>\nAcordes para guitarra<br \/>\n\u00a1Y hartas cosas m\u00e1s!<\/p>\n","protected":false},"excerpt":{"rendered":"<p>\u00a1La gu\u00eda del noticiero 31 minutos m\u00e1s completa jam\u00e1s escrita! CORREGIDA Y AUMENTADA LAS 4 TEMPORADAS SHOWS EN VIVO + CANCIONES + PERSONAJES + DATOS &#8211;<span class=\"excerpt-hellip\"> [\u2026]<\/span><\/p>\n","protected":false},"featured_media":1579,"comment_status":"open","ping_status":"closed","template":"","meta":[],"product_brand":[],"product_cat":[15],"product_tag":[],"class_list":{"0":"post-1578","1":"product","2":"type-product","3":"status-publish","4":"has-post-thumbnail","6":"product_cat-suspenso-thriller","8":"first","9":"outofstock","10":"taxable","11":"shipping-taxable","12":"purchasable","13":"product-type-simple"},"_links":{"self":[{"href":"https:\/\/www.mundilibros.cl\/web\/wp-json\/wp\/v2\/product\/1578","targetHints":{"allow":["GET"]}}],"collection":[{"href":"https:\/\/www.mundilibros.cl\/web\/wp-json\/wp\/v2\/product"}],"about":[{"href":"https:\/\/www.mundilibros.cl\/web\/wp-json\/wp\/v2\/types\/product"}],"replies":[{"embeddable":true,"href":"https:\/\/www.mundilibros.cl\/web\/wp-json\/wp\/v2\/comments?post=1578"}],"wp:featuredmedia":[{"embeddable":true,"href":"https:\/\/www.mundilibros.cl\/web\/wp-json\/wp\/v2\/media\/1579"}],"wp:attachment":[{"href":"https:\/\/www.mundilibros.cl\/web\/wp-json\/wp\/v2\/media?parent=1578"}],"wp:term":[{"taxonomy":"product_brand","embeddable":true,"href":"https:\/\/www.mundilibros.cl\/web\/wp-json\/wp\/v2\/product_brand?post=1578"},{"taxonomy":"product_cat","embeddable":true,"href":"https:\/\/www.mundilibros.cl\/web\/wp-json\/wp\/v2\/product_cat?post=1578"},{"taxonomy":"product_tag","embeddable":true,"href":"https:\/\/www.mundilibros.cl\/web\/wp-json\/wp\/v2\/product_tag?post=1578"}],"curies":[{"name":"wp","href":"https:\/\/api.w.org\/{rel}","templated":true}]}}