{"id":1596,"date":"2025-11-25T20:28:40","date_gmt":"2025-11-25T20:28:40","guid":{"rendered":"https:\/\/www.mundilibros.cl\/web\/?post_type=product&#038;p=1596"},"modified":"2025-11-25T20:28:40","modified_gmt":"2025-11-25T20:28:40","slug":"los-tres-mundos","status":"publish","type":"product","link":"https:\/\/www.mundilibros.cl\/web\/producto\/los-tres-mundos\/","title":{"rendered":"LOS TRES MUNDOS"},"content":{"rendered":"<div class=\"justify\">\n<p align=\"CENTER\">UN HOMBRE. TRES MUNDOS. EL PRECIO DE LA GLORIA NUNCA FUE TAN ALTO. Tras el \u00e9xito imparable de Roma soy yo y Maldita Roma, contin\u00faa el gran proyecto literario de Santiago Posteguillo con su novela m\u00e1s esperada: la conquista de las Galias por Julio C\u00e9sar, narrada por el escritor que mejor nos hace vivir la Historia.<\/p>\n<\/div>\n<div class=\"justify\">\n<p>En el 58 a. C., Roma, la Galia y Egipto eran tres mundos distintos que, sin saberlo, iban camino de un \u00fanico destino\u2026<\/p>\n<p>Si en Roma soy yo conoc\u00edamos los or\u00edgenes de Julio C\u00e9sar y en Maldita Roma asist\u00edamos a su ascenso pol\u00edtico, ahora C\u00e9sar se enfrenta a uno de los mayores desaf\u00edos hist\u00f3ricos de todos los tiempos: la conquista de las Galias, un territorio siempre hostil a Roma, vasto, inmenso y, a ojos de los enemigos de C\u00e9sar, un lugar inconquistable destinado a ser su tumba.Con una rigurosa documentaci\u00f3n y un ritmo soberbio vivimos el sufrimiento y la \u00e9pica de la guerra de las Galias, pero tambi\u00e9n presenciamos la lucha pol\u00edtica fratricida en Roma y viajamos al exilio con el fara\u00f3n Tolomeo XII, expulsado de Egipto en compa\u00f1\u00eda de su hija, la joven y m\u00edtica Cleopatra.<\/p>\n<p>La Galia, Roma y Egipto, una colisi\u00f3n inexorable de tres mundos legendarios en la que culmina la Trilog\u00eda del Ascenso, el primer ciclo de la serie sobre Julio C\u00e9sar.<\/p>\n<\/div>\n","protected":false},"excerpt":{"rendered":"<p>UN HOMBRE. TRES MUNDOS. EL PRECIO DE LA GLORIA NUNCA FUE TAN ALTO. Tras el \u00e9xito imparable de Roma soy yo y Maldita Roma, contin\u00faa el<span class=\"excerpt-hellip\"> [\u2026]<\/span><\/p>\n","protected":false},"featured_media":1597,"comment_status":"open","ping_status":"closed","template":"","meta":[],"product_brand":[],"product_cat":[18,537],"product_tag":[],"class_list":{"0":"post-1596","1":"product","2":"type-product","3":"status-publish","4":"has-post-thumbnail","6":"product_cat-novelas-historicas","7":"product_cat-novedades","9":"first","10":"instock","11":"taxable","12":"shipping-taxable","13":"purchasable","14":"product-type-simple"},"_links":{"self":[{"href":"https:\/\/www.mundilibros.cl\/web\/wp-json\/wp\/v2\/product\/1596","targetHints":{"allow":["GET"]}}],"collection":[{"href":"https:\/\/www.mundilibros.cl\/web\/wp-json\/wp\/v2\/product"}],"about":[{"href":"https:\/\/www.mundilibros.cl\/web\/wp-json\/wp\/v2\/types\/product"}],"replies":[{"embeddable":true,"href":"https:\/\/www.mundilibros.cl\/web\/wp-json\/wp\/v2\/comments?post=1596"}],"wp:featuredmedia":[{"embeddable":true,"href":"https:\/\/www.mundilibros.cl\/web\/wp-json\/wp\/v2\/media\/1597"}],"wp:attachment":[{"href":"https:\/\/www.mundilibros.cl\/web\/wp-json\/wp\/v2\/media?parent=1596"}],"wp:term":[{"taxonomy":"product_brand","embeddable":true,"href":"https:\/\/www.mundilibros.cl\/web\/wp-json\/wp\/v2\/product_brand?post=1596"},{"taxonomy":"product_cat","embeddable":true,"href":"https:\/\/www.mundilibros.cl\/web\/wp-json\/wp\/v2\/product_cat?post=1596"},{"taxonomy":"product_tag","embeddable":true,"href":"https:\/\/www.mundilibros.cl\/web\/wp-json\/wp\/v2\/product_tag?post=1596"}],"curies":[{"name":"wp","href":"https:\/\/api.w.org\/{rel}","templated":true}]}}