{"id":1602,"date":"2025-11-29T17:11:06","date_gmt":"2025-11-29T17:11:06","guid":{"rendered":"https:\/\/www.mundilibros.cl\/web\/?post_type=product&#038;p=1602"},"modified":"2025-11-29T17:11:07","modified_gmt":"2025-11-29T17:11:07","slug":"101-cuentos-de-animales-ilustrados","status":"publish","type":"product","link":"https:\/\/www.mundilibros.cl\/web\/producto\/101-cuentos-de-animales-ilustrados\/","title":{"rendered":"101 CUENTOS DE ANIMALES ILUSTRADOS"},"content":{"rendered":"<p>Una colecci\u00f3n con espl\u00e9ndidas ilustraciones y personajes inolvidables que guiar\u00e1n a los ni\u00f1os al mundo de los cuentos eternos y m\u00e1gicos. Las maravillosas y divertidas historias no solo captar\u00e1n la atenci\u00f3n del lector, sino que aprender\u00e1n una ense\u00f1anza de cada uno de ellas<\/p>\n","protected":false},"excerpt":{"rendered":"<p>Una colecci\u00f3n con espl\u00e9ndidas ilustraciones y personajes inolvidables que guiar\u00e1n a los ni\u00f1os al mundo de los cuentos eternos y m\u00e1gicos. Las maravillosas y divertidas historias<span class=\"excerpt-hellip\"> [\u2026]<\/span><\/p>\n","protected":false},"featured_media":1603,"comment_status":"open","ping_status":"closed","template":"","meta":[],"product_brand":[],"product_cat":[64,537],"product_tag":[],"class_list":{"0":"post-1602","1":"product","2":"type-product","3":"status-publish","4":"has-post-thumbnail","6":"product_cat-libros-infantiles","7":"product_cat-novedades","9":"first","10":"instock","11":"taxable","12":"shipping-taxable","13":"purchasable","14":"product-type-simple"},"_links":{"self":[{"href":"https:\/\/www.mundilibros.cl\/web\/wp-json\/wp\/v2\/product\/1602","targetHints":{"allow":["GET"]}}],"collection":[{"href":"https:\/\/www.mundilibros.cl\/web\/wp-json\/wp\/v2\/product"}],"about":[{"href":"https:\/\/www.mundilibros.cl\/web\/wp-json\/wp\/v2\/types\/product"}],"replies":[{"embeddable":true,"href":"https:\/\/www.mundilibros.cl\/web\/wp-json\/wp\/v2\/comments?post=1602"}],"wp:featuredmedia":[{"embeddable":true,"href":"https:\/\/www.mundilibros.cl\/web\/wp-json\/wp\/v2\/media\/1603"}],"wp:attachment":[{"href":"https:\/\/www.mundilibros.cl\/web\/wp-json\/wp\/v2\/media?parent=1602"}],"wp:term":[{"taxonomy":"product_brand","embeddable":true,"href":"https:\/\/www.mundilibros.cl\/web\/wp-json\/wp\/v2\/product_brand?post=1602"},{"taxonomy":"product_cat","embeddable":true,"href":"https:\/\/www.mundilibros.cl\/web\/wp-json\/wp\/v2\/product_cat?post=1602"},{"taxonomy":"product_tag","embeddable":true,"href":"https:\/\/www.mundilibros.cl\/web\/wp-json\/wp\/v2\/product_tag?post=1602"}],"curies":[{"name":"wp","href":"https:\/\/api.w.org\/{rel}","templated":true}]}}