{"id":1627,"date":"2025-12-21T17:14:31","date_gmt":"2025-12-21T17:14:31","guid":{"rendered":"https:\/\/www.mundilibros.cl\/web\/?post_type=product&#038;p=1627"},"modified":"2026-01-27T17:30:22","modified_gmt":"2026-01-27T17:30:22","slug":"la-profesora","status":"publish","type":"product","link":"https:\/\/www.mundilibros.cl\/web\/producto\/la-profesora\/","title":{"rendered":"LA PROFESORA"},"content":{"rendered":"<p><b>Primera lecci\u00f3n: No conf\u00edes en nadie.<\/b><\/p>\n<p>Eve est\u00e1 contenta con su vida. Se levanta cada d\u00eda, recibe un beso de su marido, Nate, y se va a dar clases de Matem\u00e1ticas en un centro de secundaria. Todo va como deber\u00eda. Solo que&#8230;<\/p>\n<p>El a\u00f1o pasado, el Instituto Caseham se vio sacudido por el esc\u00e1ndalo de una relaci\u00f3n entre un profesor y una estudiante, con la adolescente Addie en el centro de la pol\u00e9mica. Pero Eve sabe que hay mucho m\u00e1s detr\u00e1s de esos horribles rumores.<\/p>\n<p>No se puede confiar en Addie. Miente. Hace da\u00f1o a la gente. Arruina vidas. Al menos, eso es lo que todos dicen.<\/p>\n<p>Pero nadie conoce a la verdadera Addie. Nadie conoce los secretos que podr\u00edan destruirla.<\/p>\n<p>Y Addie har\u00e1 lo que sea para mantenerlos a salvo.<\/p>\n","protected":false},"excerpt":{"rendered":"<p>Primera lecci\u00f3n: No conf\u00edes en nadie. Eve est\u00e1 contenta con su vida. Se levanta cada d\u00eda, recibe un beso de su marido, Nate, y se va<span class=\"excerpt-hellip\"> [\u2026]<\/span><\/p>\n","protected":false},"featured_media":1628,"comment_status":"open","ping_status":"closed","template":"","meta":[],"product_brand":[],"product_cat":[537,15],"product_tag":[],"class_list":{"0":"post-1627","1":"product","2":"type-product","3":"status-publish","4":"has-post-thumbnail","6":"product_cat-novedades","7":"product_cat-suspenso-thriller","9":"first","10":"instock","11":"taxable","12":"shipping-taxable","13":"purchasable","14":"product-type-simple"},"_links":{"self":[{"href":"https:\/\/www.mundilibros.cl\/web\/wp-json\/wp\/v2\/product\/1627","targetHints":{"allow":["GET"]}}],"collection":[{"href":"https:\/\/www.mundilibros.cl\/web\/wp-json\/wp\/v2\/product"}],"about":[{"href":"https:\/\/www.mundilibros.cl\/web\/wp-json\/wp\/v2\/types\/product"}],"replies":[{"embeddable":true,"href":"https:\/\/www.mundilibros.cl\/web\/wp-json\/wp\/v2\/comments?post=1627"}],"wp:featuredmedia":[{"embeddable":true,"href":"https:\/\/www.mundilibros.cl\/web\/wp-json\/wp\/v2\/media\/1628"}],"wp:attachment":[{"href":"https:\/\/www.mundilibros.cl\/web\/wp-json\/wp\/v2\/media?parent=1627"}],"wp:term":[{"taxonomy":"product_brand","embeddable":true,"href":"https:\/\/www.mundilibros.cl\/web\/wp-json\/wp\/v2\/product_brand?post=1627"},{"taxonomy":"product_cat","embeddable":true,"href":"https:\/\/www.mundilibros.cl\/web\/wp-json\/wp\/v2\/product_cat?post=1627"},{"taxonomy":"product_tag","embeddable":true,"href":"https:\/\/www.mundilibros.cl\/web\/wp-json\/wp\/v2\/product_tag?post=1627"}],"curies":[{"name":"wp","href":"https:\/\/api.w.org\/{rel}","templated":true}]}}