{"id":1644,"date":"2026-01-26T21:42:30","date_gmt":"2026-01-26T21:42:30","guid":{"rendered":"https:\/\/www.mundilibros.cl\/web\/?post_type=product&#038;p=1644"},"modified":"2026-03-31T16:46:09","modified_gmt":"2026-03-31T16:46:09","slug":"trazos-y-letras-n2-letra-script","status":"publish","type":"product","link":"https:\/\/www.mundilibros.cl\/web\/producto\/trazos-y-letras-n2-letra-script\/","title":{"rendered":"TRAZOS Y LETRAS N\u00b02 &#8211; LETRA SCRIPT"},"content":{"rendered":"<p>&nbsp;<\/p>\n<p><strong>Trazos y Letras N\u00ba2<\/strong>\u00a0fortalece el desarrollo del lenguaje en la etapa final de educaci\u00f3n parvularia, promoviendo la lectoescritura inicial a trav\u00e9s de actividades did\u00e1cticas, secuenciadas y visualmente estimulantes.<\/p>\n<p>El cuaderno integra el trabajo motriz, fonol\u00f3gico y ling\u00fc\u00edstico en una propuesta que combina expresi\u00f3n oral, escritura y comprensi\u00f3n de textos en un entorno l\u00fadico, progresivo y significativo.<\/p>\n<p>Incluye ilustraciones actualizadas, nuevos personajes motivadores y recursos gr\u00e1ficos que fomentan la autonom\u00eda, la participaci\u00f3n activa y el v\u00ednculo entre texto y realidad.<\/p>\n<p>Adem\u00e1s, incorpora marcadores PleiQ con realidad aumentada, que permiten acceder a experiencias interactivas que fortalecen el aprendizaje, favorecen la inclusi\u00f3n y entregan reportes de avance en tiempo real.<\/p>\n<p><strong>Contenidos del cuaderno:<\/strong><\/p>\n<ul>\n<li>Desarrollo del lenguaje oral: expresi\u00f3n y comprensi\u00f3n.<\/li>\n<li>Consolidaci\u00f3n de la conciencia fonol\u00f3gica.<\/li>\n<li>Ejercitaci\u00f3n grafomotriz avanzada.<\/li>\n<li>Reconocimiento y escritura de vocales y consonantes M, P, S, L y T.<\/li>\n<li>Lectura y escritura de s\u00edlabas, palabras y oraciones.<\/li>\n<li>Acercamiento a textos escritos.<\/li>\n<li>Comprensi\u00f3n de textos literarios y no literarios.<\/li>\n<\/ul>\n","protected":false},"excerpt":{"rendered":"<p>&nbsp; Trazos y Letras N\u00ba2\u00a0fortalece el desarrollo del lenguaje en la etapa final de educaci\u00f3n parvularia, promoviendo la lectoescritura inicial a trav\u00e9s de actividades did\u00e1cticas, secuenciadas<span class=\"excerpt-hellip\"> [\u2026]<\/span><\/p>\n","protected":false},"featured_media":1645,"comment_status":"open","ping_status":"closed","template":"","meta":[],"product_brand":[],"product_cat":[537,88],"product_tag":[],"class_list":{"0":"post-1644","1":"product","2":"type-product","3":"status-publish","4":"has-post-thumbnail","6":"product_cat-novedades","7":"product_cat-textos-escolares","9":"first","10":"outofstock","11":"taxable","12":"shipping-taxable","13":"purchasable","14":"product-type-simple"},"_links":{"self":[{"href":"https:\/\/www.mundilibros.cl\/web\/wp-json\/wp\/v2\/product\/1644","targetHints":{"allow":["GET"]}}],"collection":[{"href":"https:\/\/www.mundilibros.cl\/web\/wp-json\/wp\/v2\/product"}],"about":[{"href":"https:\/\/www.mundilibros.cl\/web\/wp-json\/wp\/v2\/types\/product"}],"replies":[{"embeddable":true,"href":"https:\/\/www.mundilibros.cl\/web\/wp-json\/wp\/v2\/comments?post=1644"}],"wp:featuredmedia":[{"embeddable":true,"href":"https:\/\/www.mundilibros.cl\/web\/wp-json\/wp\/v2\/media\/1645"}],"wp:attachment":[{"href":"https:\/\/www.mundilibros.cl\/web\/wp-json\/wp\/v2\/media?parent=1644"}],"wp:term":[{"taxonomy":"product_brand","embeddable":true,"href":"https:\/\/www.mundilibros.cl\/web\/wp-json\/wp\/v2\/product_brand?post=1644"},{"taxonomy":"product_cat","embeddable":true,"href":"https:\/\/www.mundilibros.cl\/web\/wp-json\/wp\/v2\/product_cat?post=1644"},{"taxonomy":"product_tag","embeddable":true,"href":"https:\/\/www.mundilibros.cl\/web\/wp-json\/wp\/v2\/product_tag?post=1644"}],"curies":[{"name":"wp","href":"https:\/\/api.w.org\/{rel}","templated":true}]}}