{"id":1657,"date":"2026-01-31T18:56:43","date_gmt":"2026-01-31T18:56:43","guid":{"rendered":"https:\/\/www.mundilibros.cl\/web\/?post_type=product&#038;p=1657"},"modified":"2026-03-31T16:45:19","modified_gmt":"2026-03-31T16:45:19","slug":"logica-y-numeros-nro-2-disponible-desde-8-febrero","status":"publish","type":"product","link":"https:\/\/www.mundilibros.cl\/web\/producto\/logica-y-numeros-nro-2-disponible-desde-8-febrero\/","title":{"rendered":"LOGICA Y NUMEROS NRO 2"},"content":{"rendered":"<p><strong>L\u00f3gica y N\u00fameros N\u00b02<\/strong>\u00a0contin\u00faa el desarrollo del pensamiento l\u00f3gico-matem\u00e1tico iniciado en el nivel 1, ampliando las experiencias de aprendizaje con actividades progresivas, din\u00e1micas y visualmente estimulantes.<\/p>\n<p>Su estructura integra recursos que favorecen la autonom\u00eda, la comprensi\u00f3n de instrucciones y la participaci\u00f3n activa, promoviendo un aprendizaje significativo y accesible para todos los estudiantes.<\/p>\n<p>El cuaderno incorpora marcadores PleIQ con realidad aumentada, que permiten acceder a experiencias interactivas, juegos y desaf\u00edos digitales para reforzar contenidos, potenciar la motivaci\u00f3n y visualizar avances en tiempo real.<\/p>\n<p><strong>Contenidos del cuaderno:<\/strong><\/p>\n<p>&#8211; Profundizaci\u00f3n de nociones l\u00f3gico-matem\u00e1ticas.<\/p>\n<p>&#8211; Identificaci\u00f3n de cuatro figuras geom\u00e9tricas y seis cuerpos geom\u00e9tricos.<\/p>\n<p>&#8211; Conteo, reparto, composici\u00f3n y descomposici\u00f3n de cantidades hasta el n\u00famero 20.<\/p>\n<p>&#8211; Adici\u00f3n y sustracci\u00f3n hasta el n\u00famero 10.<\/p>\n<p>&#8211; Resoluci\u00f3n de problemas en contextos cotidianos y significativos.<\/p>\n","protected":false},"excerpt":{"rendered":"<p>L\u00f3gica y N\u00fameros N\u00b02\u00a0contin\u00faa el desarrollo del pensamiento l\u00f3gico-matem\u00e1tico iniciado en el nivel 1, ampliando las experiencias de aprendizaje con actividades progresivas, din\u00e1micas y visualmente estimulantes.<span class=\"excerpt-hellip\"> [\u2026]<\/span><\/p>\n","protected":false},"featured_media":1661,"comment_status":"open","ping_status":"closed","template":"","meta":[],"product_brand":[],"product_cat":[537,88],"product_tag":[],"class_list":{"0":"post-1657","1":"product","2":"type-product","3":"status-publish","4":"has-post-thumbnail","6":"product_cat-novedades","7":"product_cat-textos-escolares","9":"first","10":"outofstock","11":"taxable","12":"shipping-taxable","13":"purchasable","14":"product-type-simple"},"_links":{"self":[{"href":"https:\/\/www.mundilibros.cl\/web\/wp-json\/wp\/v2\/product\/1657","targetHints":{"allow":["GET"]}}],"collection":[{"href":"https:\/\/www.mundilibros.cl\/web\/wp-json\/wp\/v2\/product"}],"about":[{"href":"https:\/\/www.mundilibros.cl\/web\/wp-json\/wp\/v2\/types\/product"}],"replies":[{"embeddable":true,"href":"https:\/\/www.mundilibros.cl\/web\/wp-json\/wp\/v2\/comments?post=1657"}],"wp:featuredmedia":[{"embeddable":true,"href":"https:\/\/www.mundilibros.cl\/web\/wp-json\/wp\/v2\/media\/1661"}],"wp:attachment":[{"href":"https:\/\/www.mundilibros.cl\/web\/wp-json\/wp\/v2\/media?parent=1657"}],"wp:term":[{"taxonomy":"product_brand","embeddable":true,"href":"https:\/\/www.mundilibros.cl\/web\/wp-json\/wp\/v2\/product_brand?post=1657"},{"taxonomy":"product_cat","embeddable":true,"href":"https:\/\/www.mundilibros.cl\/web\/wp-json\/wp\/v2\/product_cat?post=1657"},{"taxonomy":"product_tag","embeddable":true,"href":"https:\/\/www.mundilibros.cl\/web\/wp-json\/wp\/v2\/product_tag?post=1657"}],"curies":[{"name":"wp","href":"https:\/\/api.w.org\/{rel}","templated":true}]}}