{"id":1671,"date":"2026-02-05T20:33:14","date_gmt":"2026-02-05T20:33:14","guid":{"rendered":"https:\/\/www.mundilibros.cl\/web\/?post_type=product&#038;p=1671"},"modified":"2026-04-28T18:55:02","modified_gmt":"2026-04-28T18:55:02","slug":"zampedri","status":"publish","type":"product","link":"https:\/\/www.mundilibros.cl\/web\/producto\/zampedri\/","title":{"rendered":"ZAMPEDRI"},"content":{"rendered":"<p><strong>Cada gol tiene una historia, este libro las cuenta (casi) todas<\/strong><\/p>\n<p data-start=\"137\" data-end=\"493\"><em data-start=\"137\" data-end=\"205\">Zampedri: M\u00e1s all\u00e1 del r\u00e9cord, los goles que marcaron nuestra vida<\/em>\u00a0es un relato \u00edntimo que recoge las vivencias de un hincha y, al mismo tiempo, las de muchos. Cada gol de Fernando \u201cEl Toro\u201d Zampedri \u2014hasta el anhelado 119\u2014 se convierte en un cap\u00edtulo de gloria, coronado con la haza\u00f1a de romper la marca, una tarde de primavera, frente al cl\u00e1sico rival.<\/p>\n<p data-start=\"495\" data-end=\"740\">El libro se organiza en tres partes, divididas por a\u00f1os. Cada secci\u00f3n sigue la misma estructura: una ficha t\u00e9cnica con el n\u00famero del gol, el minuto y el rival, seguida de una narraci\u00f3n que enlaza la vida del autor con la de tantos otros hinchas.<\/p>\n<p data-start=\"742\" data-end=\"1148\">A lo largo de estas p\u00e1ginas, la pasi\u00f3n por la Universidad Cat\u00f3lica dialoga con la historia reciente de Chile: la pandemia, el estallido social y la transformaci\u00f3n de los estadios en espacios de vida comunitaria. Joaqu\u00edn Escobar rinde homenaje a Zampedri por los goles que marcaron su vida, pero tambi\u00e9n celebra los v\u00ednculos, las derrotas y las peque\u00f1as victorias que definen a la UC como una forma de vida.<\/p>\n","protected":false},"excerpt":{"rendered":"<p>Cada gol tiene una historia, este libro las cuenta (casi) todas Zampedri: M\u00e1s all\u00e1 del r\u00e9cord, los goles que marcaron nuestra vida\u00a0es un relato \u00edntimo que<span class=\"excerpt-hellip\"> [\u2026]<\/span><\/p>\n","protected":false},"featured_media":1672,"comment_status":"open","ping_status":"closed","template":"","meta":[],"product_brand":[],"product_cat":[48,537],"product_tag":[],"class_list":{"0":"post-1671","1":"product","2":"type-product","3":"status-publish","4":"has-post-thumbnail","6":"product_cat-biografias","7":"product_cat-novedades","9":"first","10":"instock","11":"taxable","12":"shipping-taxable","13":"purchasable","14":"product-type-simple"},"_links":{"self":[{"href":"https:\/\/www.mundilibros.cl\/web\/wp-json\/wp\/v2\/product\/1671","targetHints":{"allow":["GET"]}}],"collection":[{"href":"https:\/\/www.mundilibros.cl\/web\/wp-json\/wp\/v2\/product"}],"about":[{"href":"https:\/\/www.mundilibros.cl\/web\/wp-json\/wp\/v2\/types\/product"}],"replies":[{"embeddable":true,"href":"https:\/\/www.mundilibros.cl\/web\/wp-json\/wp\/v2\/comments?post=1671"}],"wp:featuredmedia":[{"embeddable":true,"href":"https:\/\/www.mundilibros.cl\/web\/wp-json\/wp\/v2\/media\/1672"}],"wp:attachment":[{"href":"https:\/\/www.mundilibros.cl\/web\/wp-json\/wp\/v2\/media?parent=1671"}],"wp:term":[{"taxonomy":"product_brand","embeddable":true,"href":"https:\/\/www.mundilibros.cl\/web\/wp-json\/wp\/v2\/product_brand?post=1671"},{"taxonomy":"product_cat","embeddable":true,"href":"https:\/\/www.mundilibros.cl\/web\/wp-json\/wp\/v2\/product_cat?post=1671"},{"taxonomy":"product_tag","embeddable":true,"href":"https:\/\/www.mundilibros.cl\/web\/wp-json\/wp\/v2\/product_tag?post=1671"}],"curies":[{"name":"wp","href":"https:\/\/api.w.org\/{rel}","templated":true}]}}