{"id":1682,"date":"2026-02-13T16:24:52","date_gmt":"2026-02-13T16:24:52","guid":{"rendered":"https:\/\/www.mundilibros.cl\/web\/?post_type=product&#038;p=1682"},"modified":"2026-02-13T16:24:53","modified_gmt":"2026-02-13T16:24:53","slug":"el-pozo","status":"publish","type":"product","link":"https:\/\/www.mundilibros.cl\/web\/producto\/el-pozo\/","title":{"rendered":"EL POZO"},"content":{"rendered":"<p><strong>EL FEN\u00d3MENO COREANO QUE NO TE DEJAR\u00c1 DORMIR. \u00a0 Ganadora del Premio Shirley Jackson a mejor novela de terror psicol\u00f3gico. Tu cuerpo es tu c\u00e1rcel. Tu mente, el carcelero. \u00bfY si sobrevivir es el verdadero castigo? \u00a0 \u00abLa respuesta coreana a Stephen King.\u00bb\u00a0<em>The Observer<\/em>\u00a0\u00abUna lectura apasionante para los amantes del terror literario.\u00bb\u00a0<em>The Bookseller<\/em>\u00a0\u00abSe colar\u00e1 bajo tu piel.\u00bb\u00a0<em>Korean Literature Now<\/em>\u00a0\u00abLa versi\u00f3n coreana de\u00a0<em>Misery,\u00a0<\/em>de Stephen King\u00bb\u00a0<em>Time<\/em><\/strong><\/p>\n<p>Tras un devastador accidente de coche en el que muere su esposa, Ogi despierta en el hospital para descubrir que est\u00e1 atrapado en su propio cuerpo y bajo los cuidados de su suegra, que llora la p\u00e9rdida de su \u00fanica hija. Aislado, abandonado por quienes antes lo rodeaban, el mundo de Oghi se reduce a la habitaci\u00f3n en la que yace y a sus recuerdos de su pareja, una mujer sensible que encontraba consuelo cultivando el jard\u00edn de su casa. Sin embargo, mientras Ogi permanece solo y paralizado, algo inquietante sucede tras las cuatro paredes de su habitaci\u00f3n: d\u00eda tras d\u00eda, su suegra remueve la tierra del jard\u00edn, arrancando lo que su hija hab\u00eda plantado con tanto esmero y cavando, con una calma perturbadora, agujeros cada vez m\u00e1s hondos, como si buscara el fondo de un pozo invisible. En ese jard\u00edn que antes florec\u00eda, ahora germina otra cosa: el silencio, la sospecha y la venganza.<\/p>\n<p><em>El pozo<\/em>\u00a0es una novela psicol\u00f3gica inquietante y po\u00e9tica que se desliza con precisi\u00f3n quir\u00fargica hacia la oscuridad. Una historia sobre lo que dejamos sin decir y lo que puede hacernos cavar nuestra propia tumba.<\/p>\n<p>Considerada una de las autoras m\u00e1s destacadas de la literatura coreana contempor\u00e1nea, Hye-young Pyun ha sido reconocida con los galardones m\u00e1s prestigiosos de su pa\u00eds.<br \/>\nSu prosa inquietante y sofisticada ha conquistado tambi\u00e9n al p\u00fablico internacional, y\u00a0<em>El pozo<\/em>, distinguida con el Premio Shirley Jackson a la mejor novela de terror psicol\u00f3gico, confirma su lugar como una voz \u00fanica, original e imprescindible en el panorama literario actual<\/p>\n","protected":false},"excerpt":{"rendered":"<p>EL FEN\u00d3MENO COREANO QUE NO TE DEJAR\u00c1 DORMIR. \u00a0 Ganadora del Premio Shirley Jackson a mejor novela de terror psicol\u00f3gico. Tu cuerpo es tu c\u00e1rcel. Tu<span class=\"excerpt-hellip\"> [\u2026]<\/span><\/p>\n","protected":false},"featured_media":1683,"comment_status":"open","ping_status":"closed","template":"","meta":[],"product_brand":[],"product_cat":[537,25],"product_tag":[],"class_list":{"0":"post-1682","1":"product","2":"type-product","3":"status-publish","4":"has-post-thumbnail","6":"product_cat-novedades","7":"product_cat-novelas","9":"first","10":"instock","11":"taxable","12":"shipping-taxable","13":"purchasable","14":"product-type-simple"},"_links":{"self":[{"href":"https:\/\/www.mundilibros.cl\/web\/wp-json\/wp\/v2\/product\/1682","targetHints":{"allow":["GET"]}}],"collection":[{"href":"https:\/\/www.mundilibros.cl\/web\/wp-json\/wp\/v2\/product"}],"about":[{"href":"https:\/\/www.mundilibros.cl\/web\/wp-json\/wp\/v2\/types\/product"}],"replies":[{"embeddable":true,"href":"https:\/\/www.mundilibros.cl\/web\/wp-json\/wp\/v2\/comments?post=1682"}],"wp:featuredmedia":[{"embeddable":true,"href":"https:\/\/www.mundilibros.cl\/web\/wp-json\/wp\/v2\/media\/1683"}],"wp:attachment":[{"href":"https:\/\/www.mundilibros.cl\/web\/wp-json\/wp\/v2\/media?parent=1682"}],"wp:term":[{"taxonomy":"product_brand","embeddable":true,"href":"https:\/\/www.mundilibros.cl\/web\/wp-json\/wp\/v2\/product_brand?post=1682"},{"taxonomy":"product_cat","embeddable":true,"href":"https:\/\/www.mundilibros.cl\/web\/wp-json\/wp\/v2\/product_cat?post=1682"},{"taxonomy":"product_tag","embeddable":true,"href":"https:\/\/www.mundilibros.cl\/web\/wp-json\/wp\/v2\/product_tag?post=1682"}],"curies":[{"name":"wp","href":"https:\/\/api.w.org\/{rel}","templated":true}]}}