{"id":1728,"date":"2026-04-28T16:27:35","date_gmt":"2026-04-28T16:27:35","guid":{"rendered":"https:\/\/www.mundilibros.cl\/web\/?post_type=product&#038;p=1728"},"modified":"2026-04-28T18:55:59","modified_gmt":"2026-04-28T18:55:59","slug":"mas-que-rivales","status":"publish","type":"product","link":"https:\/\/www.mundilibros.cl\/web\/producto\/mas-que-rivales\/","title":{"rendered":"MAS QUE RIVALES"},"content":{"rendered":"<div class=\"justify\">\n<p align=\"CENTER\"><b>Descubre la \u00e9pica historia rom\u00e1ntica de hockey \u00abHeated Rivalry\u00bb, disponible en HBO Max en Estados Unidos y en Movistar+ en Espa\u00f1a. Bestseller del New York Times. Ahora, serie n\u00ba1 en streaming.<\/b><\/p>\n<\/div>\n<div class=\"justify\">\n<p>Nada interfiere en el juego de la estrella del hockey profesional Shane Hollander.<\/p>\n<p>Ahora que es capit\u00e1n de los Montreal Voyageurs, no permitir\u00e1 que nada lo ponga en peligro, y mucho menos su sexy rival, a quien le encanta odiar.<\/p>\n<p>El capit\u00e1n de los Boston Bears, Ilya Rozanov, es todo lo que Shane no es. Autoproclamado rey del hielo, es tan arrogante como talentoso. Nadie puede vencerlo, excepto Shane. En p\u00fablico, son enemigos. En privado, no pueden dejar de tocarse.<\/p>\n<p>\u00bfLo m\u00e1s inteligente? Alejarse, una vez que unos cuantos encuentros secretos se convierten en una lucha por mantener su relaci\u00f3n fuera de la prensa. La verdad podr\u00eda arruinarlos a ambos. Pero para Shane e Ilya, el secreto pronto deja de ser una opci\u00f3n&#8230;<\/p>\n<\/div>\n","protected":false},"excerpt":{"rendered":"<p>Descubre la \u00e9pica historia rom\u00e1ntica de hockey \u00abHeated Rivalry\u00bb, disponible en HBO Max en Estados Unidos y en Movistar+ en Espa\u00f1a. Bestseller del New York Times.<span class=\"excerpt-hellip\"> [\u2026]<\/span><\/p>\n","protected":false},"featured_media":1729,"comment_status":"open","ping_status":"closed","template":"","meta":[],"product_brand":[],"product_cat":[573,58,537],"product_tag":[],"class_list":{"0":"post-1728","1":"product","2":"type-product","3":"status-publish","4":"has-post-thumbnail","6":"product_cat-destacados","7":"product_cat-juvenil","8":"product_cat-novedades","10":"first","11":"instock","12":"taxable","13":"shipping-taxable","14":"purchasable","15":"product-type-simple"},"_links":{"self":[{"href":"https:\/\/www.mundilibros.cl\/web\/wp-json\/wp\/v2\/product\/1728","targetHints":{"allow":["GET"]}}],"collection":[{"href":"https:\/\/www.mundilibros.cl\/web\/wp-json\/wp\/v2\/product"}],"about":[{"href":"https:\/\/www.mundilibros.cl\/web\/wp-json\/wp\/v2\/types\/product"}],"replies":[{"embeddable":true,"href":"https:\/\/www.mundilibros.cl\/web\/wp-json\/wp\/v2\/comments?post=1728"}],"wp:featuredmedia":[{"embeddable":true,"href":"https:\/\/www.mundilibros.cl\/web\/wp-json\/wp\/v2\/media\/1729"}],"wp:attachment":[{"href":"https:\/\/www.mundilibros.cl\/web\/wp-json\/wp\/v2\/media?parent=1728"}],"wp:term":[{"taxonomy":"product_brand","embeddable":true,"href":"https:\/\/www.mundilibros.cl\/web\/wp-json\/wp\/v2\/product_brand?post=1728"},{"taxonomy":"product_cat","embeddable":true,"href":"https:\/\/www.mundilibros.cl\/web\/wp-json\/wp\/v2\/product_cat?post=1728"},{"taxonomy":"product_tag","embeddable":true,"href":"https:\/\/www.mundilibros.cl\/web\/wp-json\/wp\/v2\/product_tag?post=1728"}],"curies":[{"name":"wp","href":"https:\/\/api.w.org\/{rel}","templated":true}]}}