{"id":276,"date":"2025-11-14T19:01:36","date_gmt":"2025-11-14T19:01:36","guid":{"rendered":"https:\/\/www.mundilibros.cl\/web\/?post_type=product&#038;p=276"},"modified":"2025-11-14T19:01:37","modified_gmt":"2025-11-14T19:01:37","slug":"los-amantes-de-praga","status":"publish","type":"product","link":"https:\/\/www.mundilibros.cl\/web\/producto\/los-amantes-de-praga\/","title":{"rendered":"LOS AMANTES DE PRAGA"},"content":{"rendered":"<p>En la Praga de los a\u00f1os treinta, Lenka, una joven estudiante de arte, se enamora perdidamente de Josef. Ambos se casan, pero, al igual que muchos otros compatriotas, sus sue\u00f1os se hacen a\u00f1icos ante la inminente invasi\u00f3n nazi y deciden huir a Estados Unidos. Sin embargo, en el \u00faltimo momento, Lenka decide quedarse en Praga. En Estados Unidos, Josef se convierte en un obstetra de \u00e9xito y rehace su vida. Sin embargo, nunca olvidar\u00e1 a su primer y \u00fanico amor, al que cree haber perdido para siempre. Pero en Terezin y Auschwitz, Lenka sobrevivir\u00e1 gracias a la memoria de un marido al que cree que no ver\u00e1 de nuevo y a su talento art\u00edstico. D\u00e9cadas m\u00e1s tarde, un inesperado encuentro en Nueva York ofrece una segunda oportunidad a los amantes.<\/p>\n","protected":false},"excerpt":{"rendered":"<p>En la Praga de los a\u00f1os treinta, Lenka, una joven estudiante de arte, se enamora perdidamente de Josef. Ambos se casan, pero, al igual que muchos<span class=\"excerpt-hellip\"> [\u2026]<\/span><\/p>\n","protected":false},"featured_media":304,"comment_status":"open","ping_status":"closed","template":"","meta":[],"product_brand":[],"product_cat":[25,26],"product_tag":[],"class_list":{"0":"post-276","1":"product","2":"type-product","3":"status-publish","4":"has-post-thumbnail","6":"product_cat-novelas","7":"product_cat-romanticas","9":"first","10":"outofstock","11":"taxable","12":"shipping-taxable","13":"purchasable","14":"product-type-simple"},"_links":{"self":[{"href":"https:\/\/www.mundilibros.cl\/web\/wp-json\/wp\/v2\/product\/276","targetHints":{"allow":["GET"]}}],"collection":[{"href":"https:\/\/www.mundilibros.cl\/web\/wp-json\/wp\/v2\/product"}],"about":[{"href":"https:\/\/www.mundilibros.cl\/web\/wp-json\/wp\/v2\/types\/product"}],"replies":[{"embeddable":true,"href":"https:\/\/www.mundilibros.cl\/web\/wp-json\/wp\/v2\/comments?post=276"}],"wp:featuredmedia":[{"embeddable":true,"href":"https:\/\/www.mundilibros.cl\/web\/wp-json\/wp\/v2\/media\/304"}],"wp:attachment":[{"href":"https:\/\/www.mundilibros.cl\/web\/wp-json\/wp\/v2\/media?parent=276"}],"wp:term":[{"taxonomy":"product_brand","embeddable":true,"href":"https:\/\/www.mundilibros.cl\/web\/wp-json\/wp\/v2\/product_brand?post=276"},{"taxonomy":"product_cat","embeddable":true,"href":"https:\/\/www.mundilibros.cl\/web\/wp-json\/wp\/v2\/product_cat?post=276"},{"taxonomy":"product_tag","embeddable":true,"href":"https:\/\/www.mundilibros.cl\/web\/wp-json\/wp\/v2\/product_tag?post=276"}],"curies":[{"name":"wp","href":"https:\/\/api.w.org\/{rel}","templated":true}]}}