{"id":277,"date":"2025-11-14T19:01:36","date_gmt":"2025-11-14T19:01:36","guid":{"rendered":"https:\/\/www.mundilibros.cl\/web\/?post_type=product&#038;p=277"},"modified":"2025-11-14T19:01:37","modified_gmt":"2025-11-14T19:01:37","slug":"marte-la-proxima-frontera","status":"publish","type":"product","link":"https:\/\/www.mundilibros.cl\/web\/producto\/marte-la-proxima-frontera\/","title":{"rendered":"MARTE LA PROXIMA FRONTERA"},"content":{"rendered":"<p>Es un libro fant\u00e1stico que se propone explorar sin teor\u00edas conspirativas ni opiniones infundadas las posibilidades que los seres humanos tenemos en el espacio exterior.<br \/>\n\u00bfLleg\u00f3 el hombre a la Luna?, \u00bfHa servido de algo la carrera espacial?, \u00bfEs posible viajar a Marte?, \u00bfPor qu\u00e9 deber\u00edamos seguir insistiendo en los viajes espaciales?<\/p>\n<p>Estas son algunas de las preguntas que responde el profesor Jos\u00e9 Maza en Marte: la pr\u00f3xima frontera, su \u00faltimo libro. En \u00e9l, acompa\u00f1aremos al Premio Nacional de Ciencias Exactas en una aventura a trav\u00e9s de la historia de algunos de los proyectos tecnol\u00f3gicos m\u00e1s arriesgados y c\u00f3mo ellos nos han llevado a despegarnos de la tierra, alcanzar la Luna y so\u00f1ar con las estrellas.<\/p>\n<p>Con una prosa amable y cercana, el primer bestseller cient\u00edfico de nuestro pa\u00eds nos gu\u00eda en un largo viaje que promete llevarnos al planeta rojo y tambi\u00e9n a un futuro en que no corramos los peligros que, como humanidad, hemos producido y parecen condenarnos.<\/p>\n","protected":false},"excerpt":{"rendered":"<p>Es un libro fant\u00e1stico que se propone explorar sin teor\u00edas conspirativas ni opiniones infundadas las posibilidades que los seres humanos tenemos en el espacio exterior. \u00bfLleg\u00f3<span class=\"excerpt-hellip\"> [\u2026]<\/span><\/p>\n","protected":false},"featured_media":305,"comment_status":"open","ping_status":"closed","template":"","meta":[],"product_brand":[],"product_cat":[28,27],"product_tag":[],"class_list":{"0":"post-277","1":"product","2":"type-product","3":"status-publish","4":"has-post-thumbnail","6":"product_cat-ciencias-fisicas-astronomia","7":"product_cat-conocimiento-y-ciencias","9":"first","10":"instock","11":"taxable","12":"shipping-taxable","13":"purchasable","14":"product-type-simple"},"_links":{"self":[{"href":"https:\/\/www.mundilibros.cl\/web\/wp-json\/wp\/v2\/product\/277","targetHints":{"allow":["GET"]}}],"collection":[{"href":"https:\/\/www.mundilibros.cl\/web\/wp-json\/wp\/v2\/product"}],"about":[{"href":"https:\/\/www.mundilibros.cl\/web\/wp-json\/wp\/v2\/types\/product"}],"replies":[{"embeddable":true,"href":"https:\/\/www.mundilibros.cl\/web\/wp-json\/wp\/v2\/comments?post=277"}],"wp:featuredmedia":[{"embeddable":true,"href":"https:\/\/www.mundilibros.cl\/web\/wp-json\/wp\/v2\/media\/305"}],"wp:attachment":[{"href":"https:\/\/www.mundilibros.cl\/web\/wp-json\/wp\/v2\/media?parent=277"}],"wp:term":[{"taxonomy":"product_brand","embeddable":true,"href":"https:\/\/www.mundilibros.cl\/web\/wp-json\/wp\/v2\/product_brand?post=277"},{"taxonomy":"product_cat","embeddable":true,"href":"https:\/\/www.mundilibros.cl\/web\/wp-json\/wp\/v2\/product_cat?post=277"},{"taxonomy":"product_tag","embeddable":true,"href":"https:\/\/www.mundilibros.cl\/web\/wp-json\/wp\/v2\/product_tag?post=277"}],"curies":[{"name":"wp","href":"https:\/\/api.w.org\/{rel}","templated":true}]}}