{"id":325,"date":"2025-11-14T19:01:50","date_gmt":"2025-11-14T19:01:50","guid":{"rendered":"https:\/\/www.mundilibros.cl\/web\/?post_type=product&#038;p=325"},"modified":"2025-11-14T19:01:52","modified_gmt":"2025-11-14T19:01:52","slug":"charlie-y-la-fabrica-de-chocolate","status":"publish","type":"product","link":"https:\/\/www.mundilibros.cl\/web\/producto\/charlie-y-la-fabrica-de-chocolate\/","title":{"rendered":"CHARLIE Y LA FABRICA DE CHOCOLATE"},"content":{"rendered":"<p>El se\u00f1or Wonka, due\u00f1o de la magn\u00edfica f\u00e1brica de chocolate, ha escondido cinco billetes de oro en sus chocolatinas. Quienes los encuentren ser\u00e1n los elegidos para visitar la f\u00e1brica. Charlie tiene la fortuna de encontrar uno de esos billetes, y, a partir de ese momento, su vida cambiar\u00e1 totalmente.<\/p>\n","protected":false},"excerpt":{"rendered":"<p>El se\u00f1or Wonka, due\u00f1o de la magn\u00edfica f\u00e1brica de chocolate, ha escondido cinco billetes de oro en sus chocolatinas. Quienes los encuentren ser\u00e1n los elegidos para<span class=\"excerpt-hellip\"> [\u2026]<\/span><\/p>\n","protected":false},"featured_media":350,"comment_status":"open","ping_status":"closed","template":"","meta":[],"product_brand":[],"product_cat":[33],"product_tag":[],"class_list":{"0":"post-325","1":"product","2":"type-product","3":"status-publish","4":"has-post-thumbnail","6":"product_cat-literatura-escolar","8":"first","9":"outofstock","10":"taxable","11":"shipping-taxable","12":"purchasable","13":"product-type-simple"},"_links":{"self":[{"href":"https:\/\/www.mundilibros.cl\/web\/wp-json\/wp\/v2\/product\/325","targetHints":{"allow":["GET"]}}],"collection":[{"href":"https:\/\/www.mundilibros.cl\/web\/wp-json\/wp\/v2\/product"}],"about":[{"href":"https:\/\/www.mundilibros.cl\/web\/wp-json\/wp\/v2\/types\/product"}],"replies":[{"embeddable":true,"href":"https:\/\/www.mundilibros.cl\/web\/wp-json\/wp\/v2\/comments?post=325"}],"wp:featuredmedia":[{"embeddable":true,"href":"https:\/\/www.mundilibros.cl\/web\/wp-json\/wp\/v2\/media\/350"}],"wp:attachment":[{"href":"https:\/\/www.mundilibros.cl\/web\/wp-json\/wp\/v2\/media?parent=325"}],"wp:term":[{"taxonomy":"product_brand","embeddable":true,"href":"https:\/\/www.mundilibros.cl\/web\/wp-json\/wp\/v2\/product_brand?post=325"},{"taxonomy":"product_cat","embeddable":true,"href":"https:\/\/www.mundilibros.cl\/web\/wp-json\/wp\/v2\/product_cat?post=325"},{"taxonomy":"product_tag","embeddable":true,"href":"https:\/\/www.mundilibros.cl\/web\/wp-json\/wp\/v2\/product_tag?post=325"}],"curies":[{"name":"wp","href":"https:\/\/api.w.org\/{rel}","templated":true}]}}