{"id":340,"date":"2025-11-14T19:01:51","date_gmt":"2025-11-14T19:01:51","guid":{"rendered":"https:\/\/www.mundilibros.cl\/web\/?post_type=product&#038;p=340"},"modified":"2025-11-14T19:01:58","modified_gmt":"2025-11-14T19:01:58","slug":"dioses-y-heroes-de-la-mitologia-griega","status":"publish","type":"product","link":"https:\/\/www.mundilibros.cl\/web\/producto\/dioses-y-heroes-de-la-mitologia-griega\/","title":{"rendered":"DIOSES Y HEROES DE LA MITOLOGIA GRIEGA"},"content":{"rendered":"<p>Los mitos griegos han permanecido vigentes a trav\u00e9s de los siglos y hoy contin\u00faan cautivando a los lectores de todas las edades, porque tienen el poder de la fantas\u00eda y de las pasiones humanas. En esta obra, Ana Mar\u00eda Shua narra con un estilo magistral los relatos m\u00edticos m\u00e1s bellos. En sus p\u00e1ginas se encuentran el mito de la creaci\u00f3n del universo, el origen de los dioses del Olimpo y las aventuras de los h\u00e9roes m\u00e1s valientes, como Heracles, Teseo y Odiseo, que deber\u00e1n luchar contra terribles monstruos y, sobre todo, contra su propio destino.<\/p>\n","protected":false},"excerpt":{"rendered":"<p>Los mitos griegos han permanecido vigentes a trav\u00e9s de los siglos y hoy contin\u00faan cautivando a los lectores de todas las edades, porque tienen el poder<span class=\"excerpt-hellip\"> [\u2026]<\/span><\/p>\n","protected":false},"featured_media":354,"comment_status":"open","ping_status":"closed","template":"","meta":[],"product_brand":[],"product_cat":[33],"product_tag":[],"class_list":{"0":"post-340","1":"product","2":"type-product","3":"status-publish","4":"has-post-thumbnail","6":"product_cat-literatura-escolar","8":"first","9":"outofstock","10":"taxable","11":"shipping-taxable","12":"purchasable","13":"product-type-simple"},"_links":{"self":[{"href":"https:\/\/www.mundilibros.cl\/web\/wp-json\/wp\/v2\/product\/340","targetHints":{"allow":["GET"]}}],"collection":[{"href":"https:\/\/www.mundilibros.cl\/web\/wp-json\/wp\/v2\/product"}],"about":[{"href":"https:\/\/www.mundilibros.cl\/web\/wp-json\/wp\/v2\/types\/product"}],"replies":[{"embeddable":true,"href":"https:\/\/www.mundilibros.cl\/web\/wp-json\/wp\/v2\/comments?post=340"}],"wp:featuredmedia":[{"embeddable":true,"href":"https:\/\/www.mundilibros.cl\/web\/wp-json\/wp\/v2\/media\/354"}],"wp:attachment":[{"href":"https:\/\/www.mundilibros.cl\/web\/wp-json\/wp\/v2\/media?parent=340"}],"wp:term":[{"taxonomy":"product_brand","embeddable":true,"href":"https:\/\/www.mundilibros.cl\/web\/wp-json\/wp\/v2\/product_brand?post=340"},{"taxonomy":"product_cat","embeddable":true,"href":"https:\/\/www.mundilibros.cl\/web\/wp-json\/wp\/v2\/product_cat?post=340"},{"taxonomy":"product_tag","embeddable":true,"href":"https:\/\/www.mundilibros.cl\/web\/wp-json\/wp\/v2\/product_tag?post=340"}],"curies":[{"name":"wp","href":"https:\/\/api.w.org\/{rel}","templated":true}]}}