{"id":383,"date":"2025-11-14T19:02:04","date_gmt":"2025-11-14T19:02:04","guid":{"rendered":"https:\/\/www.mundilibros.cl\/web\/?post_type=product&#038;p=383"},"modified":"2025-11-14T19:02:07","modified_gmt":"2025-11-14T19:02:07","slug":"el-pequeno-nicolas","status":"publish","type":"product","link":"https:\/\/www.mundilibros.cl\/web\/producto\/el-pequeno-nicolas\/","title":{"rendered":"EL  PEQUE\u00d1O NICOLAS"},"content":{"rendered":"<p>La vida en el colegio supone una etapa importante y frecuentemente accidentada en la peque\u00f1a historia de cualquier persona, y Nicol\u00e1s no es una excepci\u00f3n; conocer\u00e1 a nuevos compa\u00f1eros con quienes pasar\u00e1 los mejores momentos, exceptuando, claro est\u00e1, el tr\u00e1gico d\u00eda de la entrega de los boletines de nota\u2026<\/p>\n","protected":false},"excerpt":{"rendered":"<p>La vida en el colegio supone una etapa importante y frecuentemente accidentada en la peque\u00f1a historia de cualquier persona, y Nicol\u00e1s no es una excepci\u00f3n; conocer\u00e1<span class=\"excerpt-hellip\"> [\u2026]<\/span><\/p>\n","protected":false},"featured_media":389,"comment_status":"open","ping_status":"closed","template":"","meta":[],"product_brand":[],"product_cat":[33],"product_tag":[],"class_list":{"0":"post-383","1":"product","2":"type-product","3":"status-publish","4":"has-post-thumbnail","6":"product_cat-literatura-escolar","8":"first","9":"outofstock","10":"taxable","11":"shipping-taxable","12":"purchasable","13":"product-type-simple"},"_links":{"self":[{"href":"https:\/\/www.mundilibros.cl\/web\/wp-json\/wp\/v2\/product\/383","targetHints":{"allow":["GET"]}}],"collection":[{"href":"https:\/\/www.mundilibros.cl\/web\/wp-json\/wp\/v2\/product"}],"about":[{"href":"https:\/\/www.mundilibros.cl\/web\/wp-json\/wp\/v2\/types\/product"}],"replies":[{"embeddable":true,"href":"https:\/\/www.mundilibros.cl\/web\/wp-json\/wp\/v2\/comments?post=383"}],"wp:featuredmedia":[{"embeddable":true,"href":"https:\/\/www.mundilibros.cl\/web\/wp-json\/wp\/v2\/media\/389"}],"wp:attachment":[{"href":"https:\/\/www.mundilibros.cl\/web\/wp-json\/wp\/v2\/media?parent=383"}],"wp:term":[{"taxonomy":"product_brand","embeddable":true,"href":"https:\/\/www.mundilibros.cl\/web\/wp-json\/wp\/v2\/product_brand?post=383"},{"taxonomy":"product_cat","embeddable":true,"href":"https:\/\/www.mundilibros.cl\/web\/wp-json\/wp\/v2\/product_cat?post=383"},{"taxonomy":"product_tag","embeddable":true,"href":"https:\/\/www.mundilibros.cl\/web\/wp-json\/wp\/v2\/product_tag?post=383"}],"curies":[{"name":"wp","href":"https:\/\/api.w.org\/{rel}","templated":true}]}}