{"id":394,"date":"2025-11-14T19:02:10","date_gmt":"2025-11-14T19:02:10","guid":{"rendered":"https:\/\/www.mundilibros.cl\/web\/?post_type=product&#038;p=394"},"modified":"2025-11-14T19:02:13","modified_gmt":"2025-11-14T19:02:13","slug":"el-tatuador-de-auschwitz","status":"publish","type":"product","link":"https:\/\/www.mundilibros.cl\/web\/producto\/el-tatuador-de-auschwitz\/","title":{"rendered":"EL TATUADOR DE AUSCHWITZ"},"content":{"rendered":"<p>Basada en la gran historia real de Lale y Gita Sokolov, dos jud\u00edos eslovacos que consiguieron, contra todo pron\u00f3stico, sobrevivir al Holocausto.<br \/>\nPara Lale, los d\u00edas transcurren entre el horror y su trabajo como tatuador de prisioneros. Entre estos prisioneros se encuentra Gita, una joven de la que queda enamorado. En ese momento, la vida de Lale cobrar\u00e1 un nuevo sentido y har\u00e1 todon lo posible para que Gita y el resto de prisioneros sobrevivan.<br \/>\nDespu\u00e9s de la guerra, deciden mudarse a Australia para poder comenzar de nuevo. Tras la muerte de Gita, Lale siente el peso de su pasado y la irremediable necesidad de contarlo.<br \/>\nEsta es su historia.<\/p>\n<p>&nbsp;<\/p>\n<p>N\u00famero de p\u00e1ginas: 312<\/p>\n<p>medidas : 15 x 23 cms<\/p>\n","protected":false},"excerpt":{"rendered":"<p>Basada en la gran historia real de Lale y Gita Sokolov, dos jud\u00edos eslovacos que consiguieron, contra todo pron\u00f3stico, sobrevivir al Holocausto. Para Lale, los d\u00edas<span class=\"excerpt-hellip\"> [\u2026]<\/span><\/p>\n","protected":false},"featured_media":421,"comment_status":"open","ping_status":"closed","template":"","meta":[],"product_brand":[],"product_cat":[34],"product_tag":[],"class_list":{"0":"post-394","1":"product","2":"type-product","3":"status-publish","4":"has-post-thumbnail","6":"product_cat-novela-historica","8":"first","9":"outofstock","10":"taxable","11":"shipping-taxable","12":"purchasable","13":"product-type-simple"},"_links":{"self":[{"href":"https:\/\/www.mundilibros.cl\/web\/wp-json\/wp\/v2\/product\/394","targetHints":{"allow":["GET"]}}],"collection":[{"href":"https:\/\/www.mundilibros.cl\/web\/wp-json\/wp\/v2\/product"}],"about":[{"href":"https:\/\/www.mundilibros.cl\/web\/wp-json\/wp\/v2\/types\/product"}],"replies":[{"embeddable":true,"href":"https:\/\/www.mundilibros.cl\/web\/wp-json\/wp\/v2\/comments?post=394"}],"wp:featuredmedia":[{"embeddable":true,"href":"https:\/\/www.mundilibros.cl\/web\/wp-json\/wp\/v2\/media\/421"}],"wp:attachment":[{"href":"https:\/\/www.mundilibros.cl\/web\/wp-json\/wp\/v2\/media?parent=394"}],"wp:term":[{"taxonomy":"product_brand","embeddable":true,"href":"https:\/\/www.mundilibros.cl\/web\/wp-json\/wp\/v2\/product_brand?post=394"},{"taxonomy":"product_cat","embeddable":true,"href":"https:\/\/www.mundilibros.cl\/web\/wp-json\/wp\/v2\/product_cat?post=394"},{"taxonomy":"product_tag","embeddable":true,"href":"https:\/\/www.mundilibros.cl\/web\/wp-json\/wp\/v2\/product_tag?post=394"}],"curies":[{"name":"wp","href":"https:\/\/api.w.org\/{rel}","templated":true}]}}