{"id":395,"date":"2025-11-14T19:02:10","date_gmt":"2025-11-14T19:02:10","guid":{"rendered":"https:\/\/www.mundilibros.cl\/web\/?post_type=product&#038;p=395"},"modified":"2025-11-14T19:02:14","modified_gmt":"2025-11-14T19:02:14","slug":"el-terror-del-sexto-b","status":"publish","type":"product","link":"https:\/\/www.mundilibros.cl\/web\/producto\/el-terror-del-sexto-b\/","title":{"rendered":"EL TERROR DEL SEXTO \u00abB\u00bb"},"content":{"rendered":"<p>Los pap\u00e1s siempre dicen: \u201cCuando ten\u00eda tu edad era el mejor de la clase\u201d. Claro que los pap\u00e1s llevan mucho tiempo fuera del colegio y son gente de p\u00e9sima memoria. Por eso no se acuerdan de las tareas, ni de los ex\u00e1menes, ni de las malas notas. Las historias de este libro no son tan dulces como las que cuentan los pap\u00e1s. Es m\u00e1s, algunas merecer\u00edan un cero en conducta.<\/p>\n","protected":false},"excerpt":{"rendered":"<p>Los pap\u00e1s siempre dicen: \u201cCuando ten\u00eda tu edad era el mejor de la clase\u201d. Claro que los pap\u00e1s llevan mucho tiempo fuera del colegio y son<span class=\"excerpt-hellip\"> [\u2026]<\/span><\/p>\n","protected":false},"featured_media":422,"comment_status":"open","ping_status":"closed","template":"","meta":[],"product_brand":[],"product_cat":[33],"product_tag":[],"class_list":{"0":"post-395","1":"product","2":"type-product","3":"status-publish","4":"has-post-thumbnail","6":"product_cat-literatura-escolar","8":"first","9":"outofstock","10":"taxable","11":"shipping-taxable","12":"purchasable","13":"product-type-simple"},"_links":{"self":[{"href":"https:\/\/www.mundilibros.cl\/web\/wp-json\/wp\/v2\/product\/395","targetHints":{"allow":["GET"]}}],"collection":[{"href":"https:\/\/www.mundilibros.cl\/web\/wp-json\/wp\/v2\/product"}],"about":[{"href":"https:\/\/www.mundilibros.cl\/web\/wp-json\/wp\/v2\/types\/product"}],"replies":[{"embeddable":true,"href":"https:\/\/www.mundilibros.cl\/web\/wp-json\/wp\/v2\/comments?post=395"}],"wp:featuredmedia":[{"embeddable":true,"href":"https:\/\/www.mundilibros.cl\/web\/wp-json\/wp\/v2\/media\/422"}],"wp:attachment":[{"href":"https:\/\/www.mundilibros.cl\/web\/wp-json\/wp\/v2\/media?parent=395"}],"wp:term":[{"taxonomy":"product_brand","embeddable":true,"href":"https:\/\/www.mundilibros.cl\/web\/wp-json\/wp\/v2\/product_brand?post=395"},{"taxonomy":"product_cat","embeddable":true,"href":"https:\/\/www.mundilibros.cl\/web\/wp-json\/wp\/v2\/product_cat?post=395"},{"taxonomy":"product_tag","embeddable":true,"href":"https:\/\/www.mundilibros.cl\/web\/wp-json\/wp\/v2\/product_tag?post=395"}],"curies":[{"name":"wp","href":"https:\/\/api.w.org\/{rel}","templated":true}]}}