{"id":410,"date":"2025-11-14T19:02:12","date_gmt":"2025-11-14T19:02:12","guid":{"rendered":"https:\/\/www.mundilibros.cl\/web\/?post_type=product&#038;p=410"},"modified":"2025-11-14T19:02:16","modified_gmt":"2025-11-14T19:02:16","slug":"huascar","status":"publish","type":"product","link":"https:\/\/www.mundilibros.cl\/web\/producto\/huascar\/","title":{"rendered":"HUASCAR"},"content":{"rendered":"<p>\u00abLos contornos del Hu\u00e1scar se iban delineando a medida que se acercaba. El capit\u00e1n Castleton distingui\u00f3 la torre artillada, el palo mayor y el espol\u00f3n que cortaba las aguas. El espol\u00f3n capaz de partir un barco de madera en dos. El mismo, record\u00f3 el capit\u00e1n Castleton con un escalofr\u00edo, que hab\u00eda destrozado a la Esmeralda y su tripulaci\u00f3n hac\u00eda poco m\u00e1s de dos meses. La inminencia del encuentro le provocaba m\u00e1s admiraci\u00f3n que miedo\u00bb. La captura del Hu\u00e1scar se convirti\u00f3 en la gran obsesi\u00f3n de la Armada chilena durante los primeros meses de la Guerra del Pac\u00edfico. Aquel barco implacable, dotado de un poder de fuego y un blindaje como pocas embarcaciones ten\u00edan en esos a\u00f1os, se convirti\u00f3 en uno de los s\u00edmbolos de un conflicto \u00fanico en la historia del continente. Con precisi\u00f3n y abriendo el relato a otros planos m\u00e1s all\u00e1 de la tradicional novela hist\u00f3rica, Carlos Tromben ofrece una narraci\u00f3n documentada y emocionante sobre un combate naval que cambi\u00f3 la historia de Chile, Bolivia y Per\u00fa.<\/p>\n<p>Encuadernaci\u00f3n: R\u00fastica<br \/>\nP\u00e1ginas: 304<br \/>\n<span style=\"font-size: 1rem;\">Formato: 12.5 x 19 cm<\/span><\/p>\n<div class=\"col-xs-5\">\n<div class=\"box\"><\/div>\n<\/div>\n","protected":false},"excerpt":{"rendered":"<p>\u00abLos contornos del Hu\u00e1scar se iban delineando a medida que se acercaba. El capit\u00e1n Castleton distingui\u00f3 la torre artillada, el palo mayor y el espol\u00f3n que<span class=\"excerpt-hellip\"> [\u2026]<\/span><\/p>\n","protected":false},"featured_media":426,"comment_status":"open","ping_status":"closed","template":"","meta":[],"product_brand":[],"product_cat":[34],"product_tag":[],"class_list":{"0":"post-410","1":"product","2":"type-product","3":"status-publish","4":"has-post-thumbnail","6":"product_cat-novela-historica","8":"first","9":"outofstock","10":"taxable","11":"shipping-taxable","12":"purchasable","13":"product-type-simple"},"_links":{"self":[{"href":"https:\/\/www.mundilibros.cl\/web\/wp-json\/wp\/v2\/product\/410","targetHints":{"allow":["GET"]}}],"collection":[{"href":"https:\/\/www.mundilibros.cl\/web\/wp-json\/wp\/v2\/product"}],"about":[{"href":"https:\/\/www.mundilibros.cl\/web\/wp-json\/wp\/v2\/types\/product"}],"replies":[{"embeddable":true,"href":"https:\/\/www.mundilibros.cl\/web\/wp-json\/wp\/v2\/comments?post=410"}],"wp:featuredmedia":[{"embeddable":true,"href":"https:\/\/www.mundilibros.cl\/web\/wp-json\/wp\/v2\/media\/426"}],"wp:attachment":[{"href":"https:\/\/www.mundilibros.cl\/web\/wp-json\/wp\/v2\/media?parent=410"}],"wp:term":[{"taxonomy":"product_brand","embeddable":true,"href":"https:\/\/www.mundilibros.cl\/web\/wp-json\/wp\/v2\/product_brand?post=410"},{"taxonomy":"product_cat","embeddable":true,"href":"https:\/\/www.mundilibros.cl\/web\/wp-json\/wp\/v2\/product_cat?post=410"},{"taxonomy":"product_tag","embeddable":true,"href":"https:\/\/www.mundilibros.cl\/web\/wp-json\/wp\/v2\/product_tag?post=410"}],"curies":[{"name":"wp","href":"https:\/\/api.w.org\/{rel}","templated":true}]}}