{"id":414,"date":"2025-11-14T19:02:12","date_gmt":"2025-11-14T19:02:12","guid":{"rendered":"https:\/\/www.mundilibros.cl\/web\/?post_type=product&#038;p=414"},"modified":"2025-11-14T19:02:17","modified_gmt":"2025-11-14T19:02:17","slug":"la-cabana-en-el-arbol","status":"publish","type":"product","link":"https:\/\/www.mundilibros.cl\/web\/producto\/la-cabana-en-el-arbol\/","title":{"rendered":"LA CABA\u00d1A EN EL ARBOL"},"content":{"rendered":"<p>Juan y Santi est\u00e1n muy ilusionados porque su padre les est\u00e1 construyendo una caba\u00f1a en el jard\u00edn. Sin embargo, cuando apenas ha empezado tiene que marcharse al extranjero. Juan monta en c\u00f3lera, pero su padre promete enviarles todos los meses un paquete con algo para la caba\u00f1a. Y lo cumple puntualmente. Esto les obliga a imaginar qu\u00e9 utilidad puede tener lo recibido, a instalarlo y a incorporarlo tanto a su vida real como a sus juegos fant\u00e1sticos.<\/p>\n","protected":false},"excerpt":{"rendered":"<p>Juan y Santi est\u00e1n muy ilusionados porque su padre les est\u00e1 construyendo una caba\u00f1a en el jard\u00edn. Sin embargo, cuando apenas ha empezado tiene que marcharse<span class=\"excerpt-hellip\"> [\u2026]<\/span><\/p>\n","protected":false},"featured_media":427,"comment_status":"open","ping_status":"closed","template":"","meta":[],"product_brand":[],"product_cat":[33],"product_tag":[],"class_list":{"0":"post-414","1":"product","2":"type-product","3":"status-publish","4":"has-post-thumbnail","6":"product_cat-literatura-escolar","8":"first","9":"outofstock","10":"sale","11":"taxable","12":"shipping-taxable","13":"purchasable","14":"product-type-simple"},"_links":{"self":[{"href":"https:\/\/www.mundilibros.cl\/web\/wp-json\/wp\/v2\/product\/414","targetHints":{"allow":["GET"]}}],"collection":[{"href":"https:\/\/www.mundilibros.cl\/web\/wp-json\/wp\/v2\/product"}],"about":[{"href":"https:\/\/www.mundilibros.cl\/web\/wp-json\/wp\/v2\/types\/product"}],"replies":[{"embeddable":true,"href":"https:\/\/www.mundilibros.cl\/web\/wp-json\/wp\/v2\/comments?post=414"}],"wp:featuredmedia":[{"embeddable":true,"href":"https:\/\/www.mundilibros.cl\/web\/wp-json\/wp\/v2\/media\/427"}],"wp:attachment":[{"href":"https:\/\/www.mundilibros.cl\/web\/wp-json\/wp\/v2\/media?parent=414"}],"wp:term":[{"taxonomy":"product_brand","embeddable":true,"href":"https:\/\/www.mundilibros.cl\/web\/wp-json\/wp\/v2\/product_brand?post=414"},{"taxonomy":"product_cat","embeddable":true,"href":"https:\/\/www.mundilibros.cl\/web\/wp-json\/wp\/v2\/product_cat?post=414"},{"taxonomy":"product_tag","embeddable":true,"href":"https:\/\/www.mundilibros.cl\/web\/wp-json\/wp\/v2\/product_tag?post=414"}],"curies":[{"name":"wp","href":"https:\/\/api.w.org\/{rel}","templated":true}]}}