{"id":415,"date":"2025-11-14T19:02:12","date_gmt":"2025-11-14T19:02:12","guid":{"rendered":"https:\/\/www.mundilibros.cl\/web\/?post_type=product&#038;p=415"},"modified":"2025-11-14T19:02:18","modified_gmt":"2025-11-14T19:02:18","slug":"la-cama-magica-de-bartolo","status":"publish","type":"product","link":"https:\/\/www.mundilibros.cl\/web\/producto\/la-cama-magica-de-bartolo\/","title":{"rendered":"LA CAMA MAGICA DE BARTOLO"},"content":{"rendered":"<p>\u00bfC\u00f3mo se maneja una cama voladora y desobediente? Eso intenta aprender Bartolo despu\u00e9s que la suya decide llevarlo por el cielo hasta la cordillera de los Andes. Jam\u00e1s se hubiera imaginado que all\u00ed descubrir\u00eda una fant\u00e1stica ciudad secreta. Menos que conocer\u00eda a Oliveiro el zorro, Pascual el conejo, Valent\u00edn el puma y Sof\u00eda la ni\u00f1a. Y menos a\u00fan que juntos deber\u00edan viajar en \u201cmoto-silueta\u201d, hacer surf, bucear, escalar cerros y explorar t\u00faneles misteriosos para conseguir la heroica \u201clasa\u00f1a\u201d de salvar al mundo porque, tal como est\u00e1n las cosas, \u00a1ma\u00f1ana el sol no podr\u00e1 salir!<\/p>\n","protected":false},"excerpt":{"rendered":"<p>\u00bfC\u00f3mo se maneja una cama voladora y desobediente? Eso intenta aprender Bartolo despu\u00e9s que la suya decide llevarlo por el cielo hasta la cordillera de los<span class=\"excerpt-hellip\"> [\u2026]<\/span><\/p>\n","protected":false},"featured_media":428,"comment_status":"open","ping_status":"closed","template":"","meta":[],"product_brand":[],"product_cat":[33],"product_tag":[],"class_list":{"0":"post-415","1":"product","2":"type-product","3":"status-publish","4":"has-post-thumbnail","6":"product_cat-literatura-escolar","8":"first","9":"outofstock","10":"sale","11":"taxable","12":"shipping-taxable","13":"purchasable","14":"product-type-simple"},"_links":{"self":[{"href":"https:\/\/www.mundilibros.cl\/web\/wp-json\/wp\/v2\/product\/415","targetHints":{"allow":["GET"]}}],"collection":[{"href":"https:\/\/www.mundilibros.cl\/web\/wp-json\/wp\/v2\/product"}],"about":[{"href":"https:\/\/www.mundilibros.cl\/web\/wp-json\/wp\/v2\/types\/product"}],"replies":[{"embeddable":true,"href":"https:\/\/www.mundilibros.cl\/web\/wp-json\/wp\/v2\/comments?post=415"}],"wp:featuredmedia":[{"embeddable":true,"href":"https:\/\/www.mundilibros.cl\/web\/wp-json\/wp\/v2\/media\/428"}],"wp:attachment":[{"href":"https:\/\/www.mundilibros.cl\/web\/wp-json\/wp\/v2\/media?parent=415"}],"wp:term":[{"taxonomy":"product_brand","embeddable":true,"href":"https:\/\/www.mundilibros.cl\/web\/wp-json\/wp\/v2\/product_brand?post=415"},{"taxonomy":"product_cat","embeddable":true,"href":"https:\/\/www.mundilibros.cl\/web\/wp-json\/wp\/v2\/product_cat?post=415"},{"taxonomy":"product_tag","embeddable":true,"href":"https:\/\/www.mundilibros.cl\/web\/wp-json\/wp\/v2\/product_tag?post=415"}],"curies":[{"name":"wp","href":"https:\/\/api.w.org\/{rel}","templated":true}]}}