{"id":418,"date":"2025-11-14T19:02:12","date_gmt":"2025-11-14T19:02:12","guid":{"rendered":"https:\/\/www.mundilibros.cl\/web\/?post_type=product&#038;p=418"},"modified":"2025-11-14T19:02:18","modified_gmt":"2025-11-14T19:02:18","slug":"la-estupenda-mama-de-roberta","status":"publish","type":"product","link":"https:\/\/www.mundilibros.cl\/web\/producto\/la-estupenda-mama-de-roberta\/","title":{"rendered":"La estupenda mam\u00e1 de Roberta"},"content":{"rendered":"<p>Roberta sali\u00f3 a comprar algo rico para la merienda con una moneda que le hab\u00eda dado su madre. Lo estaba pasando muy bien de tienda en tienda, cuando se dio cuenta de que se hab\u00eda perdido. \u00bfVendr\u00e1 en su ayuda su estupenda mam\u00e1? Un cl\u00e1sico indispensable de la literatura infantil.<\/p>\n","protected":false},"excerpt":{"rendered":"<p>Roberta sali\u00f3 a comprar algo rico para la merienda con una moneda que le hab\u00eda dado su madre. Lo estaba pasando muy bien de tienda en<span class=\"excerpt-hellip\"> [\u2026]<\/span><\/p>\n","protected":false},"featured_media":430,"comment_status":"open","ping_status":"closed","template":"","meta":[],"product_brand":[],"product_cat":[33],"product_tag":[],"class_list":{"0":"post-418","1":"product","2":"type-product","3":"status-publish","4":"has-post-thumbnail","6":"product_cat-literatura-escolar","8":"first","9":"instock","10":"taxable","11":"shipping-taxable","12":"purchasable","13":"product-type-simple"},"_links":{"self":[{"href":"https:\/\/www.mundilibros.cl\/web\/wp-json\/wp\/v2\/product\/418","targetHints":{"allow":["GET"]}}],"collection":[{"href":"https:\/\/www.mundilibros.cl\/web\/wp-json\/wp\/v2\/product"}],"about":[{"href":"https:\/\/www.mundilibros.cl\/web\/wp-json\/wp\/v2\/types\/product"}],"replies":[{"embeddable":true,"href":"https:\/\/www.mundilibros.cl\/web\/wp-json\/wp\/v2\/comments?post=418"}],"wp:featuredmedia":[{"embeddable":true,"href":"https:\/\/www.mundilibros.cl\/web\/wp-json\/wp\/v2\/media\/430"}],"wp:attachment":[{"href":"https:\/\/www.mundilibros.cl\/web\/wp-json\/wp\/v2\/media?parent=418"}],"wp:term":[{"taxonomy":"product_brand","embeddable":true,"href":"https:\/\/www.mundilibros.cl\/web\/wp-json\/wp\/v2\/product_brand?post=418"},{"taxonomy":"product_cat","embeddable":true,"href":"https:\/\/www.mundilibros.cl\/web\/wp-json\/wp\/v2\/product_cat?post=418"},{"taxonomy":"product_tag","embeddable":true,"href":"https:\/\/www.mundilibros.cl\/web\/wp-json\/wp\/v2\/product_tag?post=418"}],"curies":[{"name":"wp","href":"https:\/\/api.w.org\/{rel}","templated":true}]}}