{"id":419,"date":"2025-11-14T19:02:12","date_gmt":"2025-11-14T19:02:12","guid":{"rendered":"https:\/\/www.mundilibros.cl\/web\/?post_type=product&#038;p=419"},"modified":"2025-11-14T19:02:19","modified_gmt":"2025-11-14T19:02:19","slug":"la-gran-gilly-hopkins","status":"publish","type":"product","link":"https:\/\/www.mundilibros.cl\/web\/producto\/la-gran-gilly-hopkins\/","title":{"rendered":"LA GRAN GILLY HOPKINS"},"content":{"rendered":"<p>Ha pasado por tres hogares en menos de tres a\u00f1os. No resulta nada f\u00e1cil convivir con la rebelde Gilly Hopkins. Afortunadamente, no hay nada que la paciencia y el cari\u00f1o no puedan resolver. Y de eso sabe mucho la se\u00f1ora Trotter.<\/p>\n","protected":false},"excerpt":{"rendered":"<p>Ha pasado por tres hogares en menos de tres a\u00f1os. No resulta nada f\u00e1cil convivir con la rebelde Gilly Hopkins. Afortunadamente, no hay nada que la<span class=\"excerpt-hellip\"> [\u2026]<\/span><\/p>\n","protected":false},"featured_media":431,"comment_status":"open","ping_status":"closed","template":"","meta":[],"product_brand":[],"product_cat":[33],"product_tag":[],"class_list":{"0":"post-419","1":"product","2":"type-product","3":"status-publish","4":"has-post-thumbnail","6":"product_cat-literatura-escolar","8":"first","9":"instock","10":"sale","11":"taxable","12":"shipping-taxable","13":"purchasable","14":"product-type-simple"},"_links":{"self":[{"href":"https:\/\/www.mundilibros.cl\/web\/wp-json\/wp\/v2\/product\/419","targetHints":{"allow":["GET"]}}],"collection":[{"href":"https:\/\/www.mundilibros.cl\/web\/wp-json\/wp\/v2\/product"}],"about":[{"href":"https:\/\/www.mundilibros.cl\/web\/wp-json\/wp\/v2\/types\/product"}],"replies":[{"embeddable":true,"href":"https:\/\/www.mundilibros.cl\/web\/wp-json\/wp\/v2\/comments?post=419"}],"wp:featuredmedia":[{"embeddable":true,"href":"https:\/\/www.mundilibros.cl\/web\/wp-json\/wp\/v2\/media\/431"}],"wp:attachment":[{"href":"https:\/\/www.mundilibros.cl\/web\/wp-json\/wp\/v2\/media?parent=419"}],"wp:term":[{"taxonomy":"product_brand","embeddable":true,"href":"https:\/\/www.mundilibros.cl\/web\/wp-json\/wp\/v2\/product_brand?post=419"},{"taxonomy":"product_cat","embeddable":true,"href":"https:\/\/www.mundilibros.cl\/web\/wp-json\/wp\/v2\/product_cat?post=419"},{"taxonomy":"product_tag","embeddable":true,"href":"https:\/\/www.mundilibros.cl\/web\/wp-json\/wp\/v2\/product_tag?post=419"}],"curies":[{"name":"wp","href":"https:\/\/api.w.org\/{rel}","templated":true}]}}