{"id":439,"date":"2025-11-14T19:02:20","date_gmt":"2025-11-14T19:02:20","guid":{"rendered":"https:\/\/www.mundilibros.cl\/web\/?post_type=product&#038;p=439"},"modified":"2025-11-14T19:02:24","modified_gmt":"2025-11-14T19:02:24","slug":"la-momia-del-salar","status":"publish","type":"product","link":"https:\/\/www.mundilibros.cl\/web\/producto\/la-momia-del-salar\/","title":{"rendered":"LA MOMIA DEL SALAR"},"content":{"rendered":"<p>La cuenca de sus ojos era ancha y profunda, como si hubiesen esculpido dos esferas en su rostro. Sus huesos ten\u00edan un color parduzco que se asemejaba a una piel bronceada y saludable; aquello le daba una consistencia tan v\u00edvida al esqueleto que Emilia no sinti\u00f3 miedo. Era una momia bella, bell\u00edsima. La manten\u00edan recostada en la sala principal del museo, pues su hallazgo hab\u00eda conmocionado a la ciudad de San Pedro de Atacama y para la ni\u00f1a significaba el inicio de extra\u00f1os acontecimientos.<\/p>\n<p>&nbsp;<\/p>\n<p>Medidas:13, 5 x 20<\/p>\n<p>P\u00e1ginas : 104 p\u00e1ginas.<\/p>\n","protected":false},"excerpt":{"rendered":"<p>La cuenca de sus ojos era ancha y profunda, como si hubiesen esculpido dos esferas en su rostro. Sus huesos ten\u00edan un color parduzco que se<span class=\"excerpt-hellip\"> [\u2026]<\/span><\/p>\n","protected":false},"featured_media":464,"comment_status":"open","ping_status":"closed","template":"","meta":[],"product_brand":[],"product_cat":[33],"product_tag":[],"class_list":{"0":"post-439","1":"product","2":"type-product","3":"status-publish","4":"has-post-thumbnail","6":"product_cat-literatura-escolar","8":"first","9":"instock","10":"sale","11":"taxable","12":"shipping-taxable","13":"purchasable","14":"product-type-simple"},"_links":{"self":[{"href":"https:\/\/www.mundilibros.cl\/web\/wp-json\/wp\/v2\/product\/439","targetHints":{"allow":["GET"]}}],"collection":[{"href":"https:\/\/www.mundilibros.cl\/web\/wp-json\/wp\/v2\/product"}],"about":[{"href":"https:\/\/www.mundilibros.cl\/web\/wp-json\/wp\/v2\/types\/product"}],"replies":[{"embeddable":true,"href":"https:\/\/www.mundilibros.cl\/web\/wp-json\/wp\/v2\/comments?post=439"}],"wp:featuredmedia":[{"embeddable":true,"href":"https:\/\/www.mundilibros.cl\/web\/wp-json\/wp\/v2\/media\/464"}],"wp:attachment":[{"href":"https:\/\/www.mundilibros.cl\/web\/wp-json\/wp\/v2\/media?parent=439"}],"wp:term":[{"taxonomy":"product_brand","embeddable":true,"href":"https:\/\/www.mundilibros.cl\/web\/wp-json\/wp\/v2\/product_brand?post=439"},{"taxonomy":"product_cat","embeddable":true,"href":"https:\/\/www.mundilibros.cl\/web\/wp-json\/wp\/v2\/product_cat?post=439"},{"taxonomy":"product_tag","embeddable":true,"href":"https:\/\/www.mundilibros.cl\/web\/wp-json\/wp\/v2\/product_tag?post=439"}],"curies":[{"name":"wp","href":"https:\/\/api.w.org\/{rel}","templated":true}]}}