{"id":441,"date":"2025-11-14T19:02:20","date_gmt":"2025-11-14T19:02:20","guid":{"rendered":"https:\/\/www.mundilibros.cl\/web\/?post_type=product&#038;p=441"},"modified":"2025-11-14T19:02:25","modified_gmt":"2025-11-14T19:02:25","slug":"la-pata-del-diablo","status":"publish","type":"product","link":"https:\/\/www.mundilibros.cl\/web\/producto\/la-pata-del-diablo\/","title":{"rendered":"LA PATA DEL DIABLO"},"content":{"rendered":"<p>Cuando el conocido vi\u00f1atero Eustaquio Rodr\u00edguez muere, deja al descubierto un pasado oscuro y siniestro, el cual se transformar\u00e1 en la obsesi\u00f3n de Estela y Javier, dos j\u00f3venes que llegar\u00e1n hasta las \u00faltimas consecuencias para descubrir el l\u00edmite entre el bien y el mal, y averiguar la verdad que se esconde tras la temible leyenda de \u201cLa pata del diablo\u201d.<\/p>\n","protected":false},"excerpt":{"rendered":"<p>Cuando el conocido vi\u00f1atero Eustaquio Rodr\u00edguez muere, deja al descubierto un pasado oscuro y siniestro, el cual se transformar\u00e1 en la obsesi\u00f3n de Estela y Javier,<span class=\"excerpt-hellip\"> [\u2026]<\/span><\/p>\n","protected":false},"featured_media":466,"comment_status":"open","ping_status":"closed","template":"","meta":[],"product_brand":[],"product_cat":[33],"product_tag":[],"class_list":{"0":"post-441","1":"product","2":"type-product","3":"status-publish","4":"has-post-thumbnail","6":"product_cat-literatura-escolar","8":"first","9":"instock","10":"sale","11":"taxable","12":"shipping-taxable","13":"purchasable","14":"product-type-simple"},"_links":{"self":[{"href":"https:\/\/www.mundilibros.cl\/web\/wp-json\/wp\/v2\/product\/441","targetHints":{"allow":["GET"]}}],"collection":[{"href":"https:\/\/www.mundilibros.cl\/web\/wp-json\/wp\/v2\/product"}],"about":[{"href":"https:\/\/www.mundilibros.cl\/web\/wp-json\/wp\/v2\/types\/product"}],"replies":[{"embeddable":true,"href":"https:\/\/www.mundilibros.cl\/web\/wp-json\/wp\/v2\/comments?post=441"}],"wp:featuredmedia":[{"embeddable":true,"href":"https:\/\/www.mundilibros.cl\/web\/wp-json\/wp\/v2\/media\/466"}],"wp:attachment":[{"href":"https:\/\/www.mundilibros.cl\/web\/wp-json\/wp\/v2\/media?parent=441"}],"wp:term":[{"taxonomy":"product_brand","embeddable":true,"href":"https:\/\/www.mundilibros.cl\/web\/wp-json\/wp\/v2\/product_brand?post=441"},{"taxonomy":"product_cat","embeddable":true,"href":"https:\/\/www.mundilibros.cl\/web\/wp-json\/wp\/v2\/product_cat?post=441"},{"taxonomy":"product_tag","embeddable":true,"href":"https:\/\/www.mundilibros.cl\/web\/wp-json\/wp\/v2\/product_tag?post=441"}],"curies":[{"name":"wp","href":"https:\/\/api.w.org\/{rel}","templated":true}]}}