{"id":444,"date":"2025-11-14T19:02:20","date_gmt":"2025-11-14T19:02:20","guid":{"rendered":"https:\/\/www.mundilibros.cl\/web\/?post_type=product&#038;p=444"},"modified":"2025-11-14T19:02:28","modified_gmt":"2025-11-14T19:02:28","slug":"la-tierra-hundida","status":"publish","type":"product","link":"https:\/\/www.mundilibros.cl\/web\/producto\/la-tierra-hundida\/","title":{"rendered":"LA TIERRA HUNDIDA"},"content":{"rendered":"<p>Las legendarias serpientes Ten Ten y Kai Kai han dormido durante siglos en las entra\u00f1as del volc\u00e1n Osorno, pero alguien busca despertarlas y traer caos al mundo. La \u00fanica esperanza de salvaci\u00f3n son los ngen, esp\u00edritus de la naturaleza encarnados en cuatro j\u00f3venes, Alonso, Roc\u00edo, y los gemelos Pedro y Juan, quienes deber\u00e1n dominar los elementos del fuego, el agua y la tierra para lograrlo.<\/p>\n","protected":false},"excerpt":{"rendered":"<p>Las legendarias serpientes Ten Ten y Kai Kai han dormido durante siglos en las entra\u00f1as del volc\u00e1n Osorno, pero alguien busca despertarlas y traer caos al<span class=\"excerpt-hellip\"> [\u2026]<\/span><\/p>\n","protected":false},"featured_media":469,"comment_status":"open","ping_status":"closed","template":"","meta":[],"product_brand":[],"product_cat":[33],"product_tag":[],"class_list":{"0":"post-444","1":"product","2":"type-product","3":"status-publish","4":"has-post-thumbnail","6":"product_cat-literatura-escolar","8":"first","9":"instock","10":"sale","11":"taxable","12":"shipping-taxable","13":"purchasable","14":"product-type-simple"},"_links":{"self":[{"href":"https:\/\/www.mundilibros.cl\/web\/wp-json\/wp\/v2\/product\/444","targetHints":{"allow":["GET"]}}],"collection":[{"href":"https:\/\/www.mundilibros.cl\/web\/wp-json\/wp\/v2\/product"}],"about":[{"href":"https:\/\/www.mundilibros.cl\/web\/wp-json\/wp\/v2\/types\/product"}],"replies":[{"embeddable":true,"href":"https:\/\/www.mundilibros.cl\/web\/wp-json\/wp\/v2\/comments?post=444"}],"wp:featuredmedia":[{"embeddable":true,"href":"https:\/\/www.mundilibros.cl\/web\/wp-json\/wp\/v2\/media\/469"}],"wp:attachment":[{"href":"https:\/\/www.mundilibros.cl\/web\/wp-json\/wp\/v2\/media?parent=444"}],"wp:term":[{"taxonomy":"product_brand","embeddable":true,"href":"https:\/\/www.mundilibros.cl\/web\/wp-json\/wp\/v2\/product_brand?post=444"},{"taxonomy":"product_cat","embeddable":true,"href":"https:\/\/www.mundilibros.cl\/web\/wp-json\/wp\/v2\/product_cat?post=444"},{"taxonomy":"product_tag","embeddable":true,"href":"https:\/\/www.mundilibros.cl\/web\/wp-json\/wp\/v2\/product_tag?post=444"}],"curies":[{"name":"wp","href":"https:\/\/api.w.org\/{rel}","templated":true}]}}