{"id":445,"date":"2025-11-14T19:02:21","date_gmt":"2025-11-14T19:02:21","guid":{"rendered":"https:\/\/www.mundilibros.cl\/web\/?post_type=product&#038;p=445"},"modified":"2025-11-14T19:02:28","modified_gmt":"2025-11-14T19:02:28","slug":"la-voz-de-las-cigarras","status":"publish","type":"product","link":"https:\/\/www.mundilibros.cl\/web\/producto\/la-voz-de-las-cigarras\/","title":{"rendered":"LA VOZ DE LAS CIGARRAS"},"content":{"rendered":"<p>La corta vida de Ana no ha sido f\u00e1cil. Sus padres murieron cuando era peque\u00f1a, y desde entonces ha tenido que vivir con sus dos r\u00edgidas y desagradables t\u00edas. Como si esto fuera poco, cuando est\u00e1 a punto de cumplir trece a\u00f1os se entera de algo que cambiar\u00e1 el rumbo de su vida. Un particular viaje es lo que impulsa a Ana a desentra\u00f1ar las mentiras en torno a su origen y a encontrar su verdadera identidad. Es en este camino donde adem\u00e1s aprender\u00e1 que la familia no solo se compone de lazos sangu\u00edneos, y que el hogar es el lugar donde est\u00e1n aquellos a quienes amamos.<\/p>\n<p>T\u00edtulo: La voz de las cigarras<br \/>\nAutores: Patricia Truffello<br \/>\nIlustradores: Juanita Subercaseaux<br \/>\nFecha de publicaci\u00f3n: 01\/03\/2013<br \/>\nP\u00e1ginas (n\u00famero): 262 p\u00e1gs.<br \/>\nEdad: +12<br \/>\nColecci\u00f3n: Serie azul<\/p>\n<p>&nbsp;<\/p>\n","protected":false},"excerpt":{"rendered":"<p>La corta vida de Ana no ha sido f\u00e1cil. Sus padres murieron cuando era peque\u00f1a, y desde entonces ha tenido que vivir con sus dos r\u00edgidas<span class=\"excerpt-hellip\"> [\u2026]<\/span><\/p>\n","protected":false},"featured_media":470,"comment_status":"open","ping_status":"closed","template":"","meta":[],"product_brand":[],"product_cat":[33],"product_tag":[],"class_list":{"0":"post-445","1":"product","2":"type-product","3":"status-publish","4":"has-post-thumbnail","6":"product_cat-literatura-escolar","8":"first","9":"instock","10":"sale","11":"taxable","12":"shipping-taxable","13":"purchasable","14":"product-type-simple"},"_links":{"self":[{"href":"https:\/\/www.mundilibros.cl\/web\/wp-json\/wp\/v2\/product\/445","targetHints":{"allow":["GET"]}}],"collection":[{"href":"https:\/\/www.mundilibros.cl\/web\/wp-json\/wp\/v2\/product"}],"about":[{"href":"https:\/\/www.mundilibros.cl\/web\/wp-json\/wp\/v2\/types\/product"}],"replies":[{"embeddable":true,"href":"https:\/\/www.mundilibros.cl\/web\/wp-json\/wp\/v2\/comments?post=445"}],"wp:featuredmedia":[{"embeddable":true,"href":"https:\/\/www.mundilibros.cl\/web\/wp-json\/wp\/v2\/media\/470"}],"wp:attachment":[{"href":"https:\/\/www.mundilibros.cl\/web\/wp-json\/wp\/v2\/media?parent=445"}],"wp:term":[{"taxonomy":"product_brand","embeddable":true,"href":"https:\/\/www.mundilibros.cl\/web\/wp-json\/wp\/v2\/product_brand?post=445"},{"taxonomy":"product_cat","embeddable":true,"href":"https:\/\/www.mundilibros.cl\/web\/wp-json\/wp\/v2\/product_cat?post=445"},{"taxonomy":"product_tag","embeddable":true,"href":"https:\/\/www.mundilibros.cl\/web\/wp-json\/wp\/v2\/product_tag?post=445"}],"curies":[{"name":"wp","href":"https:\/\/api.w.org\/{rel}","templated":true}]}}