{"id":447,"date":"2025-11-14T19:02:21","date_gmt":"2025-11-14T19:02:21","guid":{"rendered":"https:\/\/www.mundilibros.cl\/web\/?post_type=product&#038;p=447"},"modified":"2025-11-14T19:02:30","modified_gmt":"2025-11-14T19:02:30","slug":"las-brujas","status":"publish","type":"product","link":"https:\/\/www.mundilibros.cl\/web\/producto\/las-brujas\/","title":{"rendered":"LAS BRUJAS"},"content":{"rendered":"<p>Las brujas de todo el mundo, bajo la apariencia de se\u00f1oras corrientes, est\u00e1n celebrando su convenci\u00f3n anual: en ella han decidido aniquilar a todos los ni\u00f1os. Pero el protagonista de esta historia y su abuela conseguir\u00e1n vencerlas gracias al ratonizador m\u00e1gico.<\/p>\n<p>&nbsp;<\/p>\n<p>P\u00e1ginas : 208<\/p>\n","protected":false},"excerpt":{"rendered":"<p>Las brujas de todo el mundo, bajo la apariencia de se\u00f1oras corrientes, est\u00e1n celebrando su convenci\u00f3n anual: en ella han decidido aniquilar a todos los ni\u00f1os.<span class=\"excerpt-hellip\"> [\u2026]<\/span><\/p>\n","protected":false},"featured_media":472,"comment_status":"open","ping_status":"closed","template":"","meta":[],"product_brand":[],"product_cat":[33],"product_tag":[],"class_list":{"0":"post-447","1":"product","2":"type-product","3":"status-publish","4":"has-post-thumbnail","6":"product_cat-literatura-escolar","8":"first","9":"instock","10":"taxable","11":"shipping-taxable","12":"purchasable","13":"product-type-simple"},"_links":{"self":[{"href":"https:\/\/www.mundilibros.cl\/web\/wp-json\/wp\/v2\/product\/447","targetHints":{"allow":["GET"]}}],"collection":[{"href":"https:\/\/www.mundilibros.cl\/web\/wp-json\/wp\/v2\/product"}],"about":[{"href":"https:\/\/www.mundilibros.cl\/web\/wp-json\/wp\/v2\/types\/product"}],"replies":[{"embeddable":true,"href":"https:\/\/www.mundilibros.cl\/web\/wp-json\/wp\/v2\/comments?post=447"}],"wp:featuredmedia":[{"embeddable":true,"href":"https:\/\/www.mundilibros.cl\/web\/wp-json\/wp\/v2\/media\/472"}],"wp:attachment":[{"href":"https:\/\/www.mundilibros.cl\/web\/wp-json\/wp\/v2\/media?parent=447"}],"wp:term":[{"taxonomy":"product_brand","embeddable":true,"href":"https:\/\/www.mundilibros.cl\/web\/wp-json\/wp\/v2\/product_brand?post=447"},{"taxonomy":"product_cat","embeddable":true,"href":"https:\/\/www.mundilibros.cl\/web\/wp-json\/wp\/v2\/product_cat?post=447"},{"taxonomy":"product_tag","embeddable":true,"href":"https:\/\/www.mundilibros.cl\/web\/wp-json\/wp\/v2\/product_tag?post=447"}],"curies":[{"name":"wp","href":"https:\/\/api.w.org\/{rel}","templated":true}]}}