{"id":450,"date":"2025-11-14T19:02:21","date_gmt":"2025-11-14T19:02:21","guid":{"rendered":"https:\/\/www.mundilibros.cl\/web\/?post_type=product&#038;p=450"},"modified":"2025-11-14T19:02:32","modified_gmt":"2025-11-14T19:02:32","slug":"las-vacaciones-del-pequeno-nicolas","status":"publish","type":"product","link":"https:\/\/www.mundilibros.cl\/web\/producto\/las-vacaciones-del-pequeno-nicolas\/","title":{"rendered":"LAS VACACIONES DEL PEQUE\u00d1O NICOLAS"},"content":{"rendered":"<p>Ha finalizado un estudioso a\u00f1o escolar. Nicol\u00e1s ha ganado el Premio de Elocuencia y se ha separado de sus amigos. Una vez guardados todos los libros y cuadernos, solo quedaba tiempo para pensar en las vacaciones, y aun as\u00ed a veces resulta dif\u00edcil hacerlo\u2026<\/p>\n<p>&nbsp;<\/p>\n<p>Edad: +10<br \/>\nColecci\u00f3n: Serie naranja<br \/>\nG\u00e9nero: Novela<br \/>\nTem\u00e1tica: Aventuras<br \/>\nValores: Amistad<\/p>\n","protected":false},"excerpt":{"rendered":"<p>Ha finalizado un estudioso a\u00f1o escolar. Nicol\u00e1s ha ganado el Premio de Elocuencia y se ha separado de sus amigos. Una vez guardados todos los libros y cuadernos, solo quedaba tiempo para pensar en las vacaciones, y aun as\u00ed a veces resulta dif\u00edcil hacerlo\u2026<\/p>\n","protected":false},"featured_media":475,"comment_status":"open","ping_status":"closed","template":"","meta":[],"product_brand":[],"product_cat":[33],"product_tag":[],"class_list":{"0":"post-450","1":"product","2":"type-product","3":"status-publish","4":"has-post-thumbnail","6":"product_cat-literatura-escolar","8":"first","9":"instock","10":"sale","11":"taxable","12":"shipping-taxable","13":"purchasable","14":"product-type-simple"},"_links":{"self":[{"href":"https:\/\/www.mundilibros.cl\/web\/wp-json\/wp\/v2\/product\/450","targetHints":{"allow":["GET"]}}],"collection":[{"href":"https:\/\/www.mundilibros.cl\/web\/wp-json\/wp\/v2\/product"}],"about":[{"href":"https:\/\/www.mundilibros.cl\/web\/wp-json\/wp\/v2\/types\/product"}],"replies":[{"embeddable":true,"href":"https:\/\/www.mundilibros.cl\/web\/wp-json\/wp\/v2\/comments?post=450"}],"wp:featuredmedia":[{"embeddable":true,"href":"https:\/\/www.mundilibros.cl\/web\/wp-json\/wp\/v2\/media\/475"}],"wp:attachment":[{"href":"https:\/\/www.mundilibros.cl\/web\/wp-json\/wp\/v2\/media?parent=450"}],"wp:term":[{"taxonomy":"product_brand","embeddable":true,"href":"https:\/\/www.mundilibros.cl\/web\/wp-json\/wp\/v2\/product_brand?post=450"},{"taxonomy":"product_cat","embeddable":true,"href":"https:\/\/www.mundilibros.cl\/web\/wp-json\/wp\/v2\/product_cat?post=450"},{"taxonomy":"product_tag","embeddable":true,"href":"https:\/\/www.mundilibros.cl\/web\/wp-json\/wp\/v2\/product_tag?post=450"}],"curies":[{"name":"wp","href":"https:\/\/api.w.org\/{rel}","templated":true}]}}