{"id":453,"date":"2025-11-14T19:02:21","date_gmt":"2025-11-14T19:02:21","guid":{"rendered":"https:\/\/www.mundilibros.cl\/web\/?post_type=product&#038;p=453"},"modified":"2025-11-14T19:02:37","modified_gmt":"2025-11-14T19:02:37","slug":"la-bailarina-de-auschwitz","status":"publish","type":"product","link":"https:\/\/www.mundilibros.cl\/web\/producto\/la-bailarina-de-auschwitz\/","title":{"rendered":"LA BAILARINA DE AUSCHWITZ"},"content":{"rendered":"<p>Eger ten\u00eda diecis\u00e9is a\u00f1os cuando los nazis invadieron su pueblo de Hungr\u00eda y se la llevaron con el resto de su familia a Auschwitz. Al pisar el campo, sus padres fueron enviados a la c\u00e1mara de gas y ella permaneci\u00f3 junto a su hermana, pendiente de una muerte segura. Pero bailar\u00a0<em>El Danubio azul<\/em>\u00a0para Mengele salv\u00f3 su vida, y a partir de entonces empez\u00f3 una nueva lucha por la supervivencia. Primero en los campos de exterminio, luego en la Checoslovaquia tomada por los comunistas y, finalmente, en Estados Unidos, donde acabar\u00eda convirti\u00e9ndose en disc\u00edpula de Viktor Frankl. Fue en ese momento, tras d\u00e9cadas ocultando su pasado, cuando se dio cuenta de la necesidad de curar sus heridas, de hablar del horror que hab\u00eda vivido y de perdonar como camino a la sanaci\u00f3n.<\/p>\n<p>Su mensaje es claro: tenemos la capacidad de escapar de las prisiones que construimos en nuestras mentes y podemos elegir ser libres, sean cuales sean las circunstancias de nuestra vida.<\/p>\n<p><strong>\u00abEste libro es un regalo para la humanidad. Una de esas historias \u00fanicas y eternas que nunca quieres terminar de leer y que te cambian la vida para siempre.\u00bb<\/strong>\u00a0Desmond Tutu, premio Nobel de la Paz<\/p>\n<p>&nbsp;<\/p>\n<p>N\u00famero de p\u00e1ginas: 416<\/p>\n","protected":false},"excerpt":{"rendered":"<p>Eger ten\u00eda diecis\u00e9is a\u00f1os cuando los nazis invadieron su pueblo de Hungr\u00eda y se la llevaron con el resto de su familia a Auschwitz. Al pisar<span class=\"excerpt-hellip\"> [\u2026]<\/span><\/p>\n","protected":false},"featured_media":478,"comment_status":"open","ping_status":"closed","template":"","meta":[],"product_brand":[],"product_cat":[34],"product_tag":[],"class_list":{"0":"post-453","1":"product","2":"type-product","3":"status-publish","4":"has-post-thumbnail","6":"product_cat-novela-historica","8":"first","9":"outofstock","10":"taxable","11":"shipping-taxable","12":"purchasable","13":"product-type-simple"},"_links":{"self":[{"href":"https:\/\/www.mundilibros.cl\/web\/wp-json\/wp\/v2\/product\/453","targetHints":{"allow":["GET"]}}],"collection":[{"href":"https:\/\/www.mundilibros.cl\/web\/wp-json\/wp\/v2\/product"}],"about":[{"href":"https:\/\/www.mundilibros.cl\/web\/wp-json\/wp\/v2\/types\/product"}],"replies":[{"embeddable":true,"href":"https:\/\/www.mundilibros.cl\/web\/wp-json\/wp\/v2\/comments?post=453"}],"wp:featuredmedia":[{"embeddable":true,"href":"https:\/\/www.mundilibros.cl\/web\/wp-json\/wp\/v2\/media\/478"}],"wp:attachment":[{"href":"https:\/\/www.mundilibros.cl\/web\/wp-json\/wp\/v2\/media?parent=453"}],"wp:term":[{"taxonomy":"product_brand","embeddable":true,"href":"https:\/\/www.mundilibros.cl\/web\/wp-json\/wp\/v2\/product_brand?post=453"},{"taxonomy":"product_cat","embeddable":true,"href":"https:\/\/www.mundilibros.cl\/web\/wp-json\/wp\/v2\/product_cat?post=453"},{"taxonomy":"product_tag","embeddable":true,"href":"https:\/\/www.mundilibros.cl\/web\/wp-json\/wp\/v2\/product_tag?post=453"}],"curies":[{"name":"wp","href":"https:\/\/api.w.org\/{rel}","templated":true}]}}