{"id":454,"date":"2025-11-14T19:02:21","date_gmt":"2025-11-14T19:02:21","guid":{"rendered":"https:\/\/www.mundilibros.cl\/web\/?post_type=product&#038;p=454"},"modified":"2025-11-14T19:02:37","modified_gmt":"2025-11-14T19:02:37","slug":"no-te-lo-mereces","status":"publish","type":"product","link":"https:\/\/www.mundilibros.cl\/web\/producto\/no-te-lo-mereces\/","title":{"rendered":"NO TE LO MERECES"},"content":{"rendered":"<p>Desde los quince a los dieciocho a\u00f1os, Bel\u00e9n Soto mantuvo una relaci\u00f3n abusiva con un hombre que la doblaba en edad. Lo que en principio parec\u00eda un v\u00ednculo emocionante se transform\u00f3 en una pesadilla que destruy\u00f3 su autoestima y la hundi\u00f3 en una depresi\u00f3n. Con su seguridad anulada, Bel\u00e9n se obsesion\u00f3 por su cuerpo, engord\u00f3, hizo dietas inhumanas, se someti\u00f3 a una cirug\u00eda, perdi\u00f3 amistades. Hoy, a sus veintid\u00f3s a\u00f1os, ha decidido visibilizar esta relaci\u00f3n t\u00f3xica, con sinceridad y sin miedo, para evitar que m\u00e1s j\u00f3venes caigan en lo mismo. No te lo mereces es un testimonio doloroso, reflexivo y a la vez iluminador. Un ejemplo de resiliencia que nos recuerda que siempre podemos volver a mirarnos en el espejo y reconquistar el amor m\u00e1s importante: el propio. .<\/p>\n","protected":false},"excerpt":{"rendered":"<p>Desde los quince a los dieciocho a\u00f1os, Bel\u00e9n Soto mantuvo una relaci\u00f3n abusiva con un hombre que la doblaba en edad. Lo que en principio parec\u00eda<span class=\"excerpt-hellip\"> [\u2026]<\/span><\/p>\n","protected":false},"featured_media":479,"comment_status":"open","ping_status":"closed","template":"","meta":[],"product_brand":[],"product_cat":[48],"product_tag":[],"class_list":{"0":"post-454","1":"product","2":"type-product","3":"status-publish","4":"has-post-thumbnail","6":"product_cat-biografias","8":"first","9":"outofstock","10":"taxable","11":"shipping-taxable","12":"purchasable","13":"product-type-simple"},"_links":{"self":[{"href":"https:\/\/www.mundilibros.cl\/web\/wp-json\/wp\/v2\/product\/454","targetHints":{"allow":["GET"]}}],"collection":[{"href":"https:\/\/www.mundilibros.cl\/web\/wp-json\/wp\/v2\/product"}],"about":[{"href":"https:\/\/www.mundilibros.cl\/web\/wp-json\/wp\/v2\/types\/product"}],"replies":[{"embeddable":true,"href":"https:\/\/www.mundilibros.cl\/web\/wp-json\/wp\/v2\/comments?post=454"}],"wp:featuredmedia":[{"embeddable":true,"href":"https:\/\/www.mundilibros.cl\/web\/wp-json\/wp\/v2\/media\/479"}],"wp:attachment":[{"href":"https:\/\/www.mundilibros.cl\/web\/wp-json\/wp\/v2\/media?parent=454"}],"wp:term":[{"taxonomy":"product_brand","embeddable":true,"href":"https:\/\/www.mundilibros.cl\/web\/wp-json\/wp\/v2\/product_brand?post=454"},{"taxonomy":"product_cat","embeddable":true,"href":"https:\/\/www.mundilibros.cl\/web\/wp-json\/wp\/v2\/product_cat?post=454"},{"taxonomy":"product_tag","embeddable":true,"href":"https:\/\/www.mundilibros.cl\/web\/wp-json\/wp\/v2\/product_tag?post=454"}],"curies":[{"name":"wp","href":"https:\/\/api.w.org\/{rel}","templated":true}]}}