{"id":457,"date":"2025-11-14T19:02:21","date_gmt":"2025-11-14T19:02:21","guid":{"rendered":"https:\/\/www.mundilibros.cl\/web\/?post_type=product&#038;p=457"},"modified":"2025-11-14T19:02:39","modified_gmt":"2025-11-14T19:02:39","slug":"las-recetas-del-metodo-grez","status":"publish","type":"product","link":"https:\/\/www.mundilibros.cl\/web\/producto\/las-recetas-del-metodo-grez\/","title":{"rendered":"LAS RECETAS DEL M\u00c9TODO GREZ"},"content":{"rendered":"<p>\u00bfYa sabes que para bajar de peso no hay que contar calor\u00edas, comer menos ni hacer m\u00e1s ejercicios aer\u00f3bicos? \u00a1Pues ahora ponte a cocinar!<\/p>\n<p>Este libro no es una nueva dieta, es un recetario para tu nueva vida. Disfruta de los platos que Mariano Garc\u00e9s el \u201cChef Yogui\u201d, junto a Pedro y Barbara han preparado especialmente para ti. Ellos pusieron las sartenes a calentar para crear deliciosos platos que no solo te deleitar\u00e1n, sino que tambi\u00e9n te permitir\u00e1n llegar a tu talla deseada.<\/p>\n<p>En\u00a0<em>Las recetas del M\u00e9todo Grez<\/em>\u00a0encontrar\u00e1s desayunos, panes, postres, almuerzos, cenas, sopas y numerosos tips para que puedas eliminar el exceso de grasa (\u00a1sin rebote!) y mejorar tus indicadores de salud. \u00bfEst\u00e1s haciendo dieta y no sientes ninguna mejor\u00eda? Este libro puede ser el viaje que cambiar\u00e1 tu vida.<\/p>\n","protected":false},"excerpt":{"rendered":"<p>Este libro no es una nueva dieta, es un recetario para tu nueva vida. Disfruta de los platos que Mariano Garc\u00e9s el \u201cChef Yogui\u201d, junto a Pedro y Barbara han preparado especialmente para ti. Ellos pusieron las sartenes a calentar para crear deliciosos platos que no solo te deleitar\u00e1n, sino que tambi\u00e9n te permitir\u00e1n llegar a tu talla deseada.<\/p>\n","protected":false},"featured_media":482,"comment_status":"open","ping_status":"closed","template":"","meta":[],"product_brand":[],"product_cat":[47],"product_tag":[],"class_list":{"0":"post-457","1":"product","2":"type-product","3":"status-publish","4":"has-post-thumbnail","6":"product_cat-cocina","8":"first","9":"outofstock","10":"taxable","11":"shipping-taxable","12":"purchasable","13":"product-type-simple"},"_links":{"self":[{"href":"https:\/\/www.mundilibros.cl\/web\/wp-json\/wp\/v2\/product\/457","targetHints":{"allow":["GET"]}}],"collection":[{"href":"https:\/\/www.mundilibros.cl\/web\/wp-json\/wp\/v2\/product"}],"about":[{"href":"https:\/\/www.mundilibros.cl\/web\/wp-json\/wp\/v2\/types\/product"}],"replies":[{"embeddable":true,"href":"https:\/\/www.mundilibros.cl\/web\/wp-json\/wp\/v2\/comments?post=457"}],"wp:featuredmedia":[{"embeddable":true,"href":"https:\/\/www.mundilibros.cl\/web\/wp-json\/wp\/v2\/media\/482"}],"wp:attachment":[{"href":"https:\/\/www.mundilibros.cl\/web\/wp-json\/wp\/v2\/media?parent=457"}],"wp:term":[{"taxonomy":"product_brand","embeddable":true,"href":"https:\/\/www.mundilibros.cl\/web\/wp-json\/wp\/v2\/product_brand?post=457"},{"taxonomy":"product_cat","embeddable":true,"href":"https:\/\/www.mundilibros.cl\/web\/wp-json\/wp\/v2\/product_cat?post=457"},{"taxonomy":"product_tag","embeddable":true,"href":"https:\/\/www.mundilibros.cl\/web\/wp-json\/wp\/v2\/product_tag?post=457"}],"curies":[{"name":"wp","href":"https:\/\/api.w.org\/{rel}","templated":true}]}}