{"id":460,"date":"2025-11-14T19:02:21","date_gmt":"2025-11-14T19:02:21","guid":{"rendered":"https:\/\/www.mundilibros.cl\/web\/?post_type=product&#038;p=460"},"modified":"2025-11-14T19:02:43","modified_gmt":"2025-11-14T19:02:43","slug":"fuego-y-sangre","status":"publish","type":"product","link":"https:\/\/www.mundilibros.cl\/web\/producto\/fuego-y-sangre\/","title":{"rendered":"FUEGO Y SANGRE"},"content":{"rendered":"<p>La dinast\u00eda Targaryen rein\u00f3 en Poniente durante casi trescientos a\u00f1os. La suya fue la \u00fanica familia que sobrevivi\u00f3 a la Maldici\u00f3n de Valyria. Establecida en la isla de Rocadrag\u00f3n, la Casa Targaryen se hizo con los Siete Reinos siglos antes de que tuvieran lugar los acontecimientos que se relatan en \u00abCanci\u00f3n de hielo y fuego\u00bb. En Fuego y Sangre, el autor de Juego de Tronos desarrolla la historia de tan fascinante familia, empezando por Aegon el Conquistador, creador del ic\u00f3nico Trono de Hierro, al que siguen el resto de generaciones de Targaryens que lucharon con fiereza por conservar el poder, y el trono, hasta la guerra civil que casi acaba con ellos. \u00bfQu\u00e9 pas\u00f3 realmente durante la Danza de Dragones? \u00bfPor qu\u00e9 era tan peligroso acercarse a Valyria despu\u00e9s de la Maldici\u00f3n? \u00bfC\u00f3mo era Poniente cuando los dragones dominaban los cielos? Muchas son las preguntas a que responde esta monumental cr\u00f3nica, narrada por un maestre de la Ciudadela, que anticipa el universo hasta ahora conocido de George R.R. Martin.<\/p>\n<div class=\"kc-elm kc-css-194720 kc_row\">\n<div class=\"kc-row-container kc-container\">\n<div class=\"kc-wrap-columns\">\n<div class=\"kc-elm kc-css-684928 kc_col-sm-12 kc_column kc_col-sm-12\">\n<div class=\"kc-col-container\">\n<p>FormatoTapa blanda<br \/>\n<span style=\"font-size: 1rem;\">P\u00e1ginas: 1.088<br \/>\n<\/span>Medidas:\u00a015 X 23 cm<\/p>\n<\/div>\n<\/div>\n<\/div>\n<\/div>\n<\/div>\n","protected":false},"excerpt":{"rendered":"<p>La dinast\u00eda Targaryen rein\u00f3 en Poniente durante casi trescientos a\u00f1os. La suya fue la \u00fanica familia que sobrevivi\u00f3 a la Maldici\u00f3n de Valyria. Establecida en la isla de Rocadrag\u00f3n, la Casa Targaryen se hizo con los Siete Reinos siglos antes de que tuvieran lugar los acontecimientos que se relatan en \u00abCanci\u00f3n de hielo y fuego\u00bb<\/p>\n","protected":false},"featured_media":485,"comment_status":"open","ping_status":"closed","template":"","meta":[],"product_brand":[],"product_cat":[65],"product_tag":[],"class_list":{"0":"post-460","1":"product","2":"type-product","3":"status-publish","4":"has-post-thumbnail","6":"product_cat-narrativa-fantastica","8":"first","9":"outofstock","10":"sale","11":"taxable","12":"shipping-taxable","13":"purchasable","14":"product-type-simple"},"_links":{"self":[{"href":"https:\/\/www.mundilibros.cl\/web\/wp-json\/wp\/v2\/product\/460","targetHints":{"allow":["GET"]}}],"collection":[{"href":"https:\/\/www.mundilibros.cl\/web\/wp-json\/wp\/v2\/product"}],"about":[{"href":"https:\/\/www.mundilibros.cl\/web\/wp-json\/wp\/v2\/types\/product"}],"replies":[{"embeddable":true,"href":"https:\/\/www.mundilibros.cl\/web\/wp-json\/wp\/v2\/comments?post=460"}],"wp:featuredmedia":[{"embeddable":true,"href":"https:\/\/www.mundilibros.cl\/web\/wp-json\/wp\/v2\/media\/485"}],"wp:attachment":[{"href":"https:\/\/www.mundilibros.cl\/web\/wp-json\/wp\/v2\/media?parent=460"}],"wp:term":[{"taxonomy":"product_brand","embeddable":true,"href":"https:\/\/www.mundilibros.cl\/web\/wp-json\/wp\/v2\/product_brand?post=460"},{"taxonomy":"product_cat","embeddable":true,"href":"https:\/\/www.mundilibros.cl\/web\/wp-json\/wp\/v2\/product_cat?post=460"},{"taxonomy":"product_tag","embeddable":true,"href":"https:\/\/www.mundilibros.cl\/web\/wp-json\/wp\/v2\/product_tag?post=460"}],"curies":[{"name":"wp","href":"https:\/\/api.w.org\/{rel}","templated":true}]}}