{"id":461,"date":"2025-11-14T19:02:21","date_gmt":"2025-11-14T19:02:21","guid":{"rendered":"https:\/\/www.mundilibros.cl\/web\/?post_type=product&#038;p=461"},"modified":"2025-11-14T19:02:49","modified_gmt":"2025-11-14T19:02:49","slug":"el-instituto","status":"publish","type":"product","link":"https:\/\/www.mundilibros.cl\/web\/producto\/el-instituto\/","title":{"rendered":"EL INSTITUTO"},"content":{"rendered":"<p>En mitad de la noche en un barrio tranquilo de Minneapolis raptan a Luke Ellis, de doce a\u00f1os, tras haber asesinado a sus padres. Una operaci\u00f3n que dura menos de dos minutos. Luke se despierta en la siniestra instituci\u00f3n conocida como El Instituto, en una habitaci\u00f3n que se asemeja a la suya pero sin ventanas. En habitaciones parecidas hay otros ni\u00f1os: Kalisha, Nick, George, Iris y Avery Dixon, entre otros, que comparten capacidades especiales como telequinesia o telepat\u00eda. Todos ellos se alojan en la Mitad Delantera de la instituci\u00f3n. Los mayores, en cambio, se encuentran en la Mitad Trasera. Como dice Kalisha: \u00abAll\u00ed entras pero no sales\u00bb.<\/p>\n<p>La se\u00f1ora Sigsby, la directora, y el resto del personal se dedican a aprovecharse sin compasi\u00f3n del talento paranormal de los chavales. Si te portas bien te premian. Si no, el castigo es brutal. Luke se da cuenta de que las v\u00edctimas van desapareciendo y son trasladadas a la Mitad Trasera, as\u00ed que se obsesiona con escapar y pedir ayuda. Pero nunca nadie ha escapado de El Instituto..<\/p>\n<p>&nbsp;<\/p>\n<p>Formato Tapa blanda<br \/>\np\u00e1ginas: 608<\/p>\n","protected":false},"excerpt":{"rendered":"<p>En mitad de la noche en un barrio tranquilo de Minneapolis raptan a Luke Ellis, de doce a\u00f1os, tras haber asesinado a sus padres. Una operaci\u00f3n<span class=\"excerpt-hellip\"> [\u2026]<\/span><\/p>\n","protected":false},"featured_media":515,"comment_status":"open","ping_status":"closed","template":"","meta":[],"product_brand":[],"product_cat":[29],"product_tag":[],"class_list":{"0":"post-461","1":"product","2":"type-product","3":"status-publish","4":"has-post-thumbnail","6":"product_cat-suspenso-terror","8":"first","9":"instock","10":"sale","11":"taxable","12":"shipping-taxable","13":"purchasable","14":"product-type-simple"},"_links":{"self":[{"href":"https:\/\/www.mundilibros.cl\/web\/wp-json\/wp\/v2\/product\/461","targetHints":{"allow":["GET"]}}],"collection":[{"href":"https:\/\/www.mundilibros.cl\/web\/wp-json\/wp\/v2\/product"}],"about":[{"href":"https:\/\/www.mundilibros.cl\/web\/wp-json\/wp\/v2\/types\/product"}],"replies":[{"embeddable":true,"href":"https:\/\/www.mundilibros.cl\/web\/wp-json\/wp\/v2\/comments?post=461"}],"wp:featuredmedia":[{"embeddable":true,"href":"https:\/\/www.mundilibros.cl\/web\/wp-json\/wp\/v2\/media\/515"}],"wp:attachment":[{"href":"https:\/\/www.mundilibros.cl\/web\/wp-json\/wp\/v2\/media?parent=461"}],"wp:term":[{"taxonomy":"product_brand","embeddable":true,"href":"https:\/\/www.mundilibros.cl\/web\/wp-json\/wp\/v2\/product_brand?post=461"},{"taxonomy":"product_cat","embeddable":true,"href":"https:\/\/www.mundilibros.cl\/web\/wp-json\/wp\/v2\/product_cat?post=461"},{"taxonomy":"product_tag","embeddable":true,"href":"https:\/\/www.mundilibros.cl\/web\/wp-json\/wp\/v2\/product_tag?post=461"}],"curies":[{"name":"wp","href":"https:\/\/api.w.org\/{rel}","templated":true}]}}