{"id":486,"date":"2025-11-14T19:02:47","date_gmt":"2025-11-14T19:02:47","guid":{"rendered":"https:\/\/www.mundilibros.cl\/web\/?post_type=product&#038;p=486"},"modified":"2025-11-14T19:02:49","modified_gmt":"2025-11-14T19:02:49","slug":"el-resplandor","status":"publish","type":"product","link":"https:\/\/www.mundilibros.cl\/web\/producto\/el-resplandor\/","title":{"rendered":"EL RESPLANDOR"},"content":{"rendered":"<p>\u00bfQu\u00e9 ha sido de Danny Torrance? Desc\u00fabrelo al final de este volumen, que incluye el inicio de Doctor Sue\u00f1o, la continuaci\u00f3n de El resplandor.REDRUM. Esa es la palabra que Danny hab\u00eda visto en el espejo. Y, aunque no sab\u00eda leer, entendi\u00f3 que era un mensaje de horror. Ten\u00eda cinco a\u00f1os, y a esa edad pocos ni\u00f1os son conscientes de que los espejos invierten las im\u00e1genes, y menos a\u00fan diferencian entre realidad y fantas\u00eda.<\/p>\n<p>Pero Danny ten\u00eda pruebas de que sus fantas\u00edas relacionadas con el resplandor del espejo acabar\u00edan cumpli\u00e9ndose: REDRUM&#8230; MURDER, asesinato.Su madre estaba pensando en el divorcio, y su padre, obsesionado con algo muy malo, tan malo como la muerte y el suicidio, necesitaba aceptar la propuesta de cuidar de aquel hotel de lujo, de m\u00e1s de cien habitaciones aislado por la nieve, durante seis meses. Hasta el deshielo iban a estar solos. \u00bfSolos?&#8230;\u00abTerror\u00edfica&#8230; ofrece horrores a un ritmo intenso e infatigable.\u00bbThe New York Times<\/p>\n<p>N\u00ba de p\u00e1ginas: 688<br \/>\n<span style=\"font-size: 1rem;\">Editorial: DEBOLSILLO<br \/>\n<\/span><span style=\"font-size: 1rem;\">Encuadernaci\u00f3n: Tapa blanda<\/span><\/p>\n","protected":false},"excerpt":{"rendered":"<p>\u00bfQu\u00e9 ha sido de Danny Torrance? Desc\u00fabrelo al final de este volumen, que incluye el inicio de Doctor Sue\u00f1o, la continuaci\u00f3n de El resplandor.REDRUM. Esa es<span class=\"excerpt-hellip\"> [\u2026]<\/span><\/p>\n","protected":false},"featured_media":516,"comment_status":"open","ping_status":"closed","template":"","meta":[],"product_brand":[],"product_cat":[29],"product_tag":[],"class_list":{"0":"post-486","1":"product","2":"type-product","3":"status-publish","4":"has-post-thumbnail","6":"product_cat-suspenso-terror","8":"first","9":"outofstock","10":"taxable","11":"shipping-taxable","12":"purchasable","13":"product-type-simple"},"_links":{"self":[{"href":"https:\/\/www.mundilibros.cl\/web\/wp-json\/wp\/v2\/product\/486","targetHints":{"allow":["GET"]}}],"collection":[{"href":"https:\/\/www.mundilibros.cl\/web\/wp-json\/wp\/v2\/product"}],"about":[{"href":"https:\/\/www.mundilibros.cl\/web\/wp-json\/wp\/v2\/types\/product"}],"replies":[{"embeddable":true,"href":"https:\/\/www.mundilibros.cl\/web\/wp-json\/wp\/v2\/comments?post=486"}],"wp:featuredmedia":[{"embeddable":true,"href":"https:\/\/www.mundilibros.cl\/web\/wp-json\/wp\/v2\/media\/516"}],"wp:attachment":[{"href":"https:\/\/www.mundilibros.cl\/web\/wp-json\/wp\/v2\/media?parent=486"}],"wp:term":[{"taxonomy":"product_brand","embeddable":true,"href":"https:\/\/www.mundilibros.cl\/web\/wp-json\/wp\/v2\/product_brand?post=486"},{"taxonomy":"product_cat","embeddable":true,"href":"https:\/\/www.mundilibros.cl\/web\/wp-json\/wp\/v2\/product_cat?post=486"},{"taxonomy":"product_tag","embeddable":true,"href":"https:\/\/www.mundilibros.cl\/web\/wp-json\/wp\/v2\/product_tag?post=486"}],"curies":[{"name":"wp","href":"https:\/\/api.w.org\/{rel}","templated":true}]}}