{"id":488,"date":"2025-11-14T19:02:48","date_gmt":"2025-11-14T19:02:48","guid":{"rendered":"https:\/\/www.mundilibros.cl\/web\/?post_type=product&#038;p=488"},"modified":"2025-11-14T19:02:53","modified_gmt":"2025-11-14T19:02:53","slug":"el-dia-que-se-perdio-el-amor","status":"publish","type":"product","link":"https:\/\/www.mundilibros.cl\/web\/producto\/el-dia-que-se-perdio-el-amor\/","title":{"rendered":"EL D\u00cdA QUE SE PERDI\u00d3 EL AMOR"},"content":{"rendered":"<p>A las doce de la ma\u00f1ana del 14 de diciembre, una joven llena de magulladuras se presenta desnuda en las instalaciones del FBI de Nueva York con varias notas amarillentas en la mano. El inspector Bowring, jefe de la Unidad de Criminolog\u00eda, intentar\u00e1 descubrir qu\u00e9 oculta la joven y su conexi\u00f3n con otro caso, el de una mujer que aparece decapitada horas m\u00e1s tarde y cuyo nombre coincide con el que estaba escrito en una de las notas. A medida que avance en la investigaci\u00f3n se dar\u00e1 cuenta de que este caso abre antiguas heridas dif\u00edciles de cicatrizar.<\/p>\n<p>&nbsp;<\/p>\n<p>Formato Tapa blanda<br \/>\np\u00e1ginas:\u00a0 432<br \/>\nMedidas: 15 X 23 cm<\/p>\n","protected":false},"excerpt":{"rendered":"<p>A las doce de la ma\u00f1ana del 14 de diciembre, una joven llena de magulladuras se presenta desnuda en las instalaciones del FBI de Nueva York<span class=\"excerpt-hellip\"> [\u2026]<\/span><\/p>\n","protected":false},"featured_media":518,"comment_status":"open","ping_status":"closed","template":"","meta":[],"product_brand":[],"product_cat":[85],"product_tag":[],"class_list":{"0":"post-488","1":"product","2":"type-product","3":"status-publish","4":"has-post-thumbnail","6":"product_cat-novela-policial","8":"first","9":"outofstock","10":"taxable","11":"shipping-taxable","12":"purchasable","13":"product-type-simple"},"_links":{"self":[{"href":"https:\/\/www.mundilibros.cl\/web\/wp-json\/wp\/v2\/product\/488","targetHints":{"allow":["GET"]}}],"collection":[{"href":"https:\/\/www.mundilibros.cl\/web\/wp-json\/wp\/v2\/product"}],"about":[{"href":"https:\/\/www.mundilibros.cl\/web\/wp-json\/wp\/v2\/types\/product"}],"replies":[{"embeddable":true,"href":"https:\/\/www.mundilibros.cl\/web\/wp-json\/wp\/v2\/comments?post=488"}],"wp:featuredmedia":[{"embeddable":true,"href":"https:\/\/www.mundilibros.cl\/web\/wp-json\/wp\/v2\/media\/518"}],"wp:attachment":[{"href":"https:\/\/www.mundilibros.cl\/web\/wp-json\/wp\/v2\/media?parent=488"}],"wp:term":[{"taxonomy":"product_brand","embeddable":true,"href":"https:\/\/www.mundilibros.cl\/web\/wp-json\/wp\/v2\/product_brand?post=488"},{"taxonomy":"product_cat","embeddable":true,"href":"https:\/\/www.mundilibros.cl\/web\/wp-json\/wp\/v2\/product_cat?post=488"},{"taxonomy":"product_tag","embeddable":true,"href":"https:\/\/www.mundilibros.cl\/web\/wp-json\/wp\/v2\/product_tag?post=488"}],"curies":[{"name":"wp","href":"https:\/\/api.w.org\/{rel}","templated":true}]}}