{"id":489,"date":"2025-11-14T19:02:48","date_gmt":"2025-11-14T19:02:48","guid":{"rendered":"https:\/\/www.mundilibros.cl\/web\/?post_type=product&#038;p=489"},"modified":"2025-11-14T19:02:55","modified_gmt":"2025-11-14T19:02:55","slug":"pintor-de-almas","status":"publish","type":"product","link":"https:\/\/www.mundilibros.cl\/web\/producto\/pintor-de-almas\/","title":{"rendered":"PINTOR DE ALMAS"},"content":{"rendered":"<p>Barcelona, 1901. La ciudad vive d\u00edas de gran agitaci\u00f3n social. La oscura miseria de los m\u00e1s desfavorecidos contrasta con la elegante opulencia de las grandes avenidas, donde ya destacan algunos edificios singulares, s\u00edmbolo de la llegada del Modernismo.<\/p>\n<p>Dalmau Sala, hijo de un anarquista ajusticiado, es un joven pintor que vive atrapado entre dos mundos. Por un lado, su familia y Emma, la mujer que ama, son firmes defensores de la lucha obrera; hombres y mujeres que no conocen el miedo a la hora de exigir los derechos de los trabajadores. Por otro, su trabajo en el taller de cer\u00e1mica de don Manuel Bello, su mentor y un conservador burgu\u00e9s de f\u00e9rreas creencias cat\u00f3licas, lo acerca a un ambiente donde imperan la riqueza y la innovaci\u00f3n creativa.<\/p>\n<p>De este modo, seducido por las tentadoras ofertas de una burgues\u00eda dispuesta a comprar su obra y su conciencia, Dalmau tendr\u00e1 que encontrar su aut\u00e9ntico camino, como hombre y como artista, y alejarse de las noches de vino y drogas para descubrir lo que de verdad le importa: sus valores, su esencia, el amor de una mujer valiente y luchadora y, sobre todo, esos cuadros que brotan de su imaginaci\u00f3n y capturan en un lienzo las almas m\u00e1s miserables que deambulan por las calles de una ciudad agitada por el germen de la rebeld\u00eda.<\/p>\n<p>&nbsp;<\/p>\n<p>Encuadernaci\u00f3n: Carton\u00e9<br \/>\nMedidas: 15 x 23 cm<br \/>\nN\u00ba P\u00e1g.: 684<\/p>\n","protected":false},"excerpt":{"rendered":"<p>Barcelona, 1901. La ciudad vive d\u00edas de gran agitaci\u00f3n social. La oscura miseria de los m\u00e1s desfavorecidos contrasta con la elegante opulencia de las grandes avenidas,<span class=\"excerpt-hellip\"> [\u2026]<\/span><\/p>\n","protected":false},"featured_media":519,"comment_status":"open","ping_status":"closed","template":"","meta":[],"product_brand":[],"product_cat":[34,25],"product_tag":[],"class_list":{"0":"post-489","1":"product","2":"type-product","3":"status-publish","4":"has-post-thumbnail","6":"product_cat-novela-historica","7":"product_cat-novelas","9":"first","10":"outofstock","11":"sale","12":"taxable","13":"shipping-taxable","14":"purchasable","15":"product-type-simple"},"_links":{"self":[{"href":"https:\/\/www.mundilibros.cl\/web\/wp-json\/wp\/v2\/product\/489","targetHints":{"allow":["GET"]}}],"collection":[{"href":"https:\/\/www.mundilibros.cl\/web\/wp-json\/wp\/v2\/product"}],"about":[{"href":"https:\/\/www.mundilibros.cl\/web\/wp-json\/wp\/v2\/types\/product"}],"replies":[{"embeddable":true,"href":"https:\/\/www.mundilibros.cl\/web\/wp-json\/wp\/v2\/comments?post=489"}],"wp:featuredmedia":[{"embeddable":true,"href":"https:\/\/www.mundilibros.cl\/web\/wp-json\/wp\/v2\/media\/519"}],"wp:attachment":[{"href":"https:\/\/www.mundilibros.cl\/web\/wp-json\/wp\/v2\/media?parent=489"}],"wp:term":[{"taxonomy":"product_brand","embeddable":true,"href":"https:\/\/www.mundilibros.cl\/web\/wp-json\/wp\/v2\/product_brand?post=489"},{"taxonomy":"product_cat","embeddable":true,"href":"https:\/\/www.mundilibros.cl\/web\/wp-json\/wp\/v2\/product_cat?post=489"},{"taxonomy":"product_tag","embeddable":true,"href":"https:\/\/www.mundilibros.cl\/web\/wp-json\/wp\/v2\/product_tag?post=489"}],"curies":[{"name":"wp","href":"https:\/\/api.w.org\/{rel}","templated":true}]}}