{"id":498,"date":"2025-11-14T19:02:48","date_gmt":"2025-11-14T19:02:48","guid":{"rendered":"https:\/\/www.mundilibros.cl\/web\/?post_type=product&#038;p=498"},"modified":"2025-11-14T19:03:18","modified_gmt":"2025-11-14T19:03:18","slug":"balancin","status":"publish","type":"product","link":"https:\/\/www.mundilibros.cl\/web\/producto\/balancin\/","title":{"rendered":"BALANCIN"},"content":{"rendered":"<div class=\"page-float desktop\">\n<h2 class=\"title page-title\">A partir de los 3 a\u00f1os (Play Group)<\/h2>\n<\/div>\n<div class=\"teaser styled-li\"><\/div>\n<div class=\"body styled-li\">\n<p><strong>Balanc\u00edn<\/strong>\u00a0para el Nivel Medio Mayor cuenta actividades l\u00fadicas y contextualizadas, creadas pensando en las necesidades, intereses y caracter\u00edsticas de los ni\u00f1os y ni\u00f1as de 3 a\u00f1os.<\/p>\n<p>Ahora trae consigo actividades con realidad aumentada de PleIQ que potencian el aprendizaje de los ni\u00f1os a trav\u00e9s del uso responsable de la tecnolog\u00eda en el aula y en el hogar. Con experiencias interactivas que aumentan el inter\u00e9s en el aprendizaje.<\/p>\n<p>El cuaderno est\u00e1 organizado en siete unidades tem\u00e1ticas, que entregan oportunidades de aprendizaje basadas en los distintos \u00e1mbitos de experiencias para el aprendizaje propuestos en las Bases Curriculares de la Educaci\u00f3n Parvularia.<\/p>\n<p>N\u00facleos que se desarrollan en las unidades del cuaderno:<\/p>\n<ul>\n<li>Pensamiento Matem\u00e1tico<\/li>\n<li>Lenguajes Art\u00edsticos<\/li>\n<li>Lenguaje Verbal<\/li>\n<li>Corporalidad y Movimiento<\/li>\n<li>Identidad y Autonom\u00eda<\/li>\n<li>Convivencia y Ciudadan\u00eda<\/li>\n<li>Exploraci\u00f3n del Entorno Natural<\/li>\n<li>Comprensi\u00f3n del Entorno Sociocultural<\/li>\n<\/ul>\n<p><strong>Marcadores PleIQ<\/strong><\/p>\n<p>El cuaderno con marcadores que otorgan experiencias interactivas y de realidad aumentada.<\/p>\n<p><strong>\u00bfC\u00f3mo acceder a la aplicaci\u00f3n ?<\/strong><\/p>\n<ol>\n<li>Descarga la aplicaci\u00f3n PleIQ<\/li>\n<li>Crea tu perfil<\/li>\n<li>Ingresa el c\u00f3digo del sticker que est\u00e1 en cada cuaderno<\/li>\n<li>Activa tu cuenta haciendo clic en el link que recibir\u00e1s en tu correo<\/li>\n<li>Escanea los marcadores PleIQ que contiene el cuaderno \u00a1y descubre la magia!<\/li>\n<\/ol>\n<p><strong>Plataforma para escuelas<\/strong><\/p>\n<p>PleIQ School Caligrafix<\/p>\n<p>En la plataforma web obtienes indicadores del progreso de los ni\u00f1os que realizan actividades interactivas y de realidad aumentada con los cuadernos en el jard\u00edn o escuela.<\/p>\n<\/div>\n","protected":false},"excerpt":{"rendered":"<p>A partir de los 3 a\u00f1os (Play Group) Balanc\u00edn\u00a0para el Nivel Medio Mayor cuenta actividades l\u00fadicas y contextualizadas, creadas pensando en las necesidades, intereses y caracter\u00edsticas<span class=\"excerpt-hellip\"> [\u2026]<\/span><\/p>\n","protected":false},"featured_media":542,"comment_status":"open","ping_status":"closed","template":"","meta":[],"product_brand":[],"product_cat":[88],"product_tag":[],"class_list":{"0":"post-498","1":"product","2":"type-product","3":"status-publish","4":"has-post-thumbnail","6":"product_cat-textos-escolares","8":"first","9":"outofstock","10":"taxable","11":"shipping-taxable","12":"purchasable","13":"product-type-simple"},"_links":{"self":[{"href":"https:\/\/www.mundilibros.cl\/web\/wp-json\/wp\/v2\/product\/498","targetHints":{"allow":["GET"]}}],"collection":[{"href":"https:\/\/www.mundilibros.cl\/web\/wp-json\/wp\/v2\/product"}],"about":[{"href":"https:\/\/www.mundilibros.cl\/web\/wp-json\/wp\/v2\/types\/product"}],"replies":[{"embeddable":true,"href":"https:\/\/www.mundilibros.cl\/web\/wp-json\/wp\/v2\/comments?post=498"}],"wp:featuredmedia":[{"embeddable":true,"href":"https:\/\/www.mundilibros.cl\/web\/wp-json\/wp\/v2\/media\/542"}],"wp:attachment":[{"href":"https:\/\/www.mundilibros.cl\/web\/wp-json\/wp\/v2\/media?parent=498"}],"wp:term":[{"taxonomy":"product_brand","embeddable":true,"href":"https:\/\/www.mundilibros.cl\/web\/wp-json\/wp\/v2\/product_brand?post=498"},{"taxonomy":"product_cat","embeddable":true,"href":"https:\/\/www.mundilibros.cl\/web\/wp-json\/wp\/v2\/product_cat?post=498"},{"taxonomy":"product_tag","embeddable":true,"href":"https:\/\/www.mundilibros.cl\/web\/wp-json\/wp\/v2\/product_tag?post=498"}],"curies":[{"name":"wp","href":"https:\/\/api.w.org\/{rel}","templated":true}]}}