{"id":507,"date":"2025-11-14T19:02:49","date_gmt":"2025-11-14T19:02:49","guid":{"rendered":"https:\/\/www.mundilibros.cl\/web\/?post_type=product&#038;p=507"},"modified":"2025-11-14T19:03:26","modified_gmt":"2025-11-14T19:03:26","slug":"padre-rico-padre-pobre-debolsillo","status":"publish","type":"product","link":"https:\/\/www.mundilibros.cl\/web\/producto\/padre-rico-padre-pobre-debolsillo\/","title":{"rendered":"PADRE RICO PADRE POBRE DEBOLSILLO"},"content":{"rendered":"<p>Casi todo lo que hemos aprendido sobre el dinero se lo debemos a nuestros padres\u2026 Por ese motivo, nos desempe\u00f1amos laboral y financieramente de acuerdo con esquemas que perpet\u00faan patrones de conducta casi siempre perjudiciales en t\u00e9rminos monetarios\u2026 Los padres pobres aconsejan a sus hijos que se apliquen y estudien, pero, por lo general, la escuela no prepara para lidiar con los asuntos relacionados con el dinero\u2026 Para superar una mentalidad de pobre, este libro derriba mitos y falsas creencias sobre el mundo financiero, y nos ayuda a descubrir el genio econ\u00f3mico que llevamos dentro y a pensar en el dinero como lo hacen los ricos\u2026 Una gu\u00eda indispensable para entender las finanzas y sacarles partido. Lo que los ricos ense\u00f1an a sus hijos del dinero\u00a1\u00a1\u00a1y la clase media no!!!<\/p>\n","protected":false},"excerpt":{"rendered":"<p>Casi todo lo que hemos aprendido sobre el dinero se lo debemos a nuestros padres\u2026 Por ese motivo, nos desempe\u00f1amos laboral y financieramente de acuerdo con<span class=\"excerpt-hellip\"> [\u2026]<\/span><\/p>\n","protected":false},"featured_media":551,"comment_status":"open","ping_status":"closed","template":"","meta":[],"product_brand":[],"product_cat":[87],"product_tag":[],"class_list":{"0":"post-507","1":"product","2":"type-product","3":"status-publish","4":"has-post-thumbnail","6":"product_cat-negocios","8":"first","9":"outofstock","10":"taxable","11":"shipping-taxable","12":"purchasable","13":"product-type-simple"},"_links":{"self":[{"href":"https:\/\/www.mundilibros.cl\/web\/wp-json\/wp\/v2\/product\/507","targetHints":{"allow":["GET"]}}],"collection":[{"href":"https:\/\/www.mundilibros.cl\/web\/wp-json\/wp\/v2\/product"}],"about":[{"href":"https:\/\/www.mundilibros.cl\/web\/wp-json\/wp\/v2\/types\/product"}],"replies":[{"embeddable":true,"href":"https:\/\/www.mundilibros.cl\/web\/wp-json\/wp\/v2\/comments?post=507"}],"wp:featuredmedia":[{"embeddable":true,"href":"https:\/\/www.mundilibros.cl\/web\/wp-json\/wp\/v2\/media\/551"}],"wp:attachment":[{"href":"https:\/\/www.mundilibros.cl\/web\/wp-json\/wp\/v2\/media?parent=507"}],"wp:term":[{"taxonomy":"product_brand","embeddable":true,"href":"https:\/\/www.mundilibros.cl\/web\/wp-json\/wp\/v2\/product_brand?post=507"},{"taxonomy":"product_cat","embeddable":true,"href":"https:\/\/www.mundilibros.cl\/web\/wp-json\/wp\/v2\/product_cat?post=507"},{"taxonomy":"product_tag","embeddable":true,"href":"https:\/\/www.mundilibros.cl\/web\/wp-json\/wp\/v2\/product_tag?post=507"}],"curies":[{"name":"wp","href":"https:\/\/api.w.org\/{rel}","templated":true}]}}