{"id":512,"date":"2025-11-14T19:02:49","date_gmt":"2025-11-14T19:02:49","guid":{"rendered":"https:\/\/www.mundilibros.cl\/web\/?post_type=product&#038;p=512"},"modified":"2026-02-16T17:38:22","modified_gmt":"2026-02-16T17:38:22","slug":"caligrafia-2-basico-vertical","status":"publish","type":"product","link":"https:\/\/www.mundilibros.cl\/web\/producto\/caligrafia-2-basico-vertical\/","title":{"rendered":"CALIGRAF\u00cdA 2\u00b0 BASICO VERTICAL"},"content":{"rendered":"<div class=\"teaser styled-li\">\n<p>El material para este nivel escolar propicia el desarrollo de una escritura clara, proporcionada y ordenada, facilitando el ritmo y la fluidez al escribir. El cuaderno, adem\u00e1s de trabajar la repetici\u00f3n de patrones caligr\u00e1ficos, cuenta con orientaciones ortogr\u00e1ficas y ejercicios de redacci\u00f3n que contribuyen de forma directa a la expresi\u00f3n escrita.<\/p>\n<p>Todos nuestros cuadernos de caligraf\u00eda existen en tres formatos de escritura: vertical, horizontal y en cuadr\u00edcula de 5mm.<\/p>\n<\/div>\n<div class=\"body styled-li\">\n<p>Caracter\u00edsticas de nuestra propuesta pedag\u00f3gica:<\/p>\n<ul>\n<li>Letras may\u00fasculas y min\u00fasculas en orden alfab\u00e9tico.<\/li>\n<li>Grupos conson\u00e1nticos.<\/li>\n<li>Clases de palabras seg\u00fan n\u00famero de s\u00edlabas (monos\u00edlabas, bis\u00edlabas, tris\u00edlabas y polis\u00edlabas).<\/li>\n<li>Separaci\u00f3n sil\u00e1bica (s\u00edlaba directa, s\u00edlaba indirecta y s\u00edlaba compleja).<\/li>\n<li>An\u00e1lisis morfol\u00f3gico (art\u00edculo, pronombre, sustantivos, verbo y adjetivo).<\/li>\n<li>Sin\u00f3nimos, ant\u00f3nimos, diminutivos y aumentativos.<\/li>\n<li>G\u00e9nero (femenino y masculino).<\/li>\n<li>An\u00e1lisis sint\u00e1ctico: sujeto y predicado.<\/li>\n<li>Signos de interrogaci\u00f3n y exclamaci\u00f3n.<\/li>\n<li>Creaci\u00f3n de oraciones a partir de una imagen.<\/li>\n<li>Definici\u00f3n de textos literarios y textos no literarios.<\/li>\n<li>Escritura de n\u00fameros.<\/li>\n<li>Comprensi\u00f3n lectora a trav\u00e9s de oraciones.<\/li>\n<li>Incluye actividades con ilustraciones y sopa de letras.<\/li>\n<\/ul>\n<\/div>\n","protected":false},"excerpt":{"rendered":"<p>Edici\u00f3n 2022<\/p>\n","protected":false},"featured_media":570,"comment_status":"open","ping_status":"closed","template":"","meta":[],"product_brand":[],"product_cat":[88],"product_tag":[],"class_list":{"0":"post-512","1":"product","2":"type-product","3":"status-publish","4":"has-post-thumbnail","6":"product_cat-textos-escolares","8":"first","9":"instock","10":"taxable","11":"shipping-taxable","12":"purchasable","13":"product-type-simple"},"_links":{"self":[{"href":"https:\/\/www.mundilibros.cl\/web\/wp-json\/wp\/v2\/product\/512","targetHints":{"allow":["GET"]}}],"collection":[{"href":"https:\/\/www.mundilibros.cl\/web\/wp-json\/wp\/v2\/product"}],"about":[{"href":"https:\/\/www.mundilibros.cl\/web\/wp-json\/wp\/v2\/types\/product"}],"replies":[{"embeddable":true,"href":"https:\/\/www.mundilibros.cl\/web\/wp-json\/wp\/v2\/comments?post=512"}],"wp:featuredmedia":[{"embeddable":true,"href":"https:\/\/www.mundilibros.cl\/web\/wp-json\/wp\/v2\/media\/570"}],"wp:attachment":[{"href":"https:\/\/www.mundilibros.cl\/web\/wp-json\/wp\/v2\/media?parent=512"}],"wp:term":[{"taxonomy":"product_brand","embeddable":true,"href":"https:\/\/www.mundilibros.cl\/web\/wp-json\/wp\/v2\/product_brand?post=512"},{"taxonomy":"product_cat","embeddable":true,"href":"https:\/\/www.mundilibros.cl\/web\/wp-json\/wp\/v2\/product_cat?post=512"},{"taxonomy":"product_tag","embeddable":true,"href":"https:\/\/www.mundilibros.cl\/web\/wp-json\/wp\/v2\/product_tag?post=512"}],"curies":[{"name":"wp","href":"https:\/\/api.w.org\/{rel}","templated":true}]}}