{"id":514,"date":"2025-11-14T19:02:49","date_gmt":"2025-11-14T19:02:49","guid":{"rendered":"https:\/\/www.mundilibros.cl\/web\/?post_type=product&#038;p=514"},"modified":"2025-11-14T19:03:45","modified_gmt":"2025-11-14T19:03:45","slug":"piense-y-hagase-rico","status":"publish","type":"product","link":"https:\/\/www.mundilibros.cl\/web\/producto\/piense-y-hagase-rico\/","title":{"rendered":"PIENSE Y H\u00c1GASE RICO"},"content":{"rendered":"<p>El propio Napole\u00f3n Hill explica en su pr\u00f3logo el alcance de esta obra: \u00abEn cada cap\u00edtulo de este libro, que ha hecho fortunas para centenares de hombres extraordinariamente ricos a quienes he analizado de manera exhaustiva durante much\u00edsimos a\u00f1os, se habla del secreto de c\u00f3mo hacer dinero. El secreto me lo se\u00f1al\u00f3 Andrew Carnegie, hace m\u00e1s de medio siglo. El viejo escoc\u00e9s, sagaz y encantador, me lo espet\u00f3 sin miramientos cuando yo era un ni\u00f1o apenas. [\u2026] Al ver que yo hab\u00eda captado la idea, me pregunt\u00f3 si estar\u00eda dispuesto a pasarme veinte a\u00f1os o m\u00e1s prepar\u00e1ndome para ofrec\u00e9rselo al mundo, a hombres y mujeres que, sin ese secreto, pod\u00edan llevar una vida de fracasos. Le respond\u00ed que s\u00ed, y con la ayuda del se\u00f1or Carnegie, he mantenido mi promesa. Este libro contiene ese secreto.<\/p>\n","protected":false},"excerpt":{"rendered":"<p>El propio Napole\u00f3n Hill explica en su pr\u00f3logo el alcance de esta obra: \u00abEn cada cap\u00edtulo de este libro, que ha hecho fortunas para centenares de hombres extraordinariamente ricos a quienes he analizado de manera exhaustiva durante much\u00edsimos a\u00f1os, se habla del secreto de c\u00f3mo hacer dinero<\/p>\n","protected":false},"featured_media":572,"comment_status":"open","ping_status":"closed","template":"","meta":[],"product_brand":[],"product_cat":[87],"product_tag":[],"class_list":{"0":"post-514","1":"product","2":"type-product","3":"status-publish","4":"has-post-thumbnail","6":"product_cat-negocios","8":"first","9":"outofstock","10":"sale","11":"taxable","12":"shipping-taxable","13":"purchasable","14":"product-type-simple"},"_links":{"self":[{"href":"https:\/\/www.mundilibros.cl\/web\/wp-json\/wp\/v2\/product\/514","targetHints":{"allow":["GET"]}}],"collection":[{"href":"https:\/\/www.mundilibros.cl\/web\/wp-json\/wp\/v2\/product"}],"about":[{"href":"https:\/\/www.mundilibros.cl\/web\/wp-json\/wp\/v2\/types\/product"}],"replies":[{"embeddable":true,"href":"https:\/\/www.mundilibros.cl\/web\/wp-json\/wp\/v2\/comments?post=514"}],"wp:featuredmedia":[{"embeddable":true,"href":"https:\/\/www.mundilibros.cl\/web\/wp-json\/wp\/v2\/media\/572"}],"wp:attachment":[{"href":"https:\/\/www.mundilibros.cl\/web\/wp-json\/wp\/v2\/media?parent=514"}],"wp:term":[{"taxonomy":"product_brand","embeddable":true,"href":"https:\/\/www.mundilibros.cl\/web\/wp-json\/wp\/v2\/product_brand?post=514"},{"taxonomy":"product_cat","embeddable":true,"href":"https:\/\/www.mundilibros.cl\/web\/wp-json\/wp\/v2\/product_cat?post=514"},{"taxonomy":"product_tag","embeddable":true,"href":"https:\/\/www.mundilibros.cl\/web\/wp-json\/wp\/v2\/product_tag?post=514"}],"curies":[{"name":"wp","href":"https:\/\/api.w.org\/{rel}","templated":true}]}}