{"id":531,"date":"2025-11-14T19:03:10","date_gmt":"2025-11-14T19:03:10","guid":{"rendered":"https:\/\/www.mundilibros.cl\/web\/?post_type=product&#038;p=531"},"modified":"2025-11-14T19:03:46","modified_gmt":"2025-11-14T19:03:46","slug":"armonia-rota","status":"publish","type":"product","link":"https:\/\/www.mundilibros.cl\/web\/producto\/armonia-rota\/","title":{"rendered":"ARMON\u00cdA ROTA"},"content":{"rendered":"<p>Charlotte Lee, nieta de la fundadora de Armon\u00eda Biotec, una empresa especializada en f\u00e1rmacos naturales procedentes de China, est\u00e1 horrorizada. Alguien est\u00e1 tratando de chantajearla envenenando sus productos. Es entonces cuando acude a su rescate Jonathan, un viejo amor de la infancia y experto en inform\u00e1tica que la ayudar\u00e1 a revelar la identidad del extorsionador.<\/p>\n<p>Al tiempo que ambos tratan de dar caza al misterioso y despiadado criminal, resurgen, imparables, los recuerdos de un pasado de amor y ternura; un pasado marcado por las predecesoras de Charlotte, dos mujeres tan en\u00e9rgicas como desdichadas en el amor.<\/p>\n<p><b>La cr\u00edtica ha dicho&#8230;<\/b><br \/>\n\u00abWood demuestra ser una maestra entremezclando acci\u00f3n y romance, y manteniendo el \u00edmpetu y la chispa de ambos.\u00bb<br \/>\n<i>Kirkus Reviews<\/i><\/p>\n<p>\u00abWood crea personajes genuinos y cautivadores, cuyas historias son fascinantes.\u00bb<br \/>\n<i>Library Journal<\/i><\/p>\n<p>&nbsp;<\/p>\n<p>Formato: de bolsillo tapa blanda<br \/>\np\u00e1ginas: 384<br \/>\nMedidas: 12,5 X 19 cm<\/p>\n","protected":false},"excerpt":{"rendered":"<p>Charlotte Lee, nieta de la fundadora de Armon\u00eda Biotec, una empresa especializada en f\u00e1rmacos naturales procedentes de China, est\u00e1 horrorizada. Alguien est\u00e1 tratando de chantajearla envenenando<span class=\"excerpt-hellip\"> [\u2026]<\/span><\/p>\n","protected":false},"featured_media":575,"comment_status":"open","ping_status":"closed","template":"","meta":[],"product_brand":[],"product_cat":[25,89],"product_tag":[],"class_list":{"0":"post-531","1":"product","2":"type-product","3":"status-publish","4":"has-post-thumbnail","6":"product_cat-novelas","7":"product_cat-ofertas","9":"first","10":"outofstock","11":"taxable","12":"shipping-taxable","13":"purchasable","14":"product-type-simple"},"_links":{"self":[{"href":"https:\/\/www.mundilibros.cl\/web\/wp-json\/wp\/v2\/product\/531","targetHints":{"allow":["GET"]}}],"collection":[{"href":"https:\/\/www.mundilibros.cl\/web\/wp-json\/wp\/v2\/product"}],"about":[{"href":"https:\/\/www.mundilibros.cl\/web\/wp-json\/wp\/v2\/types\/product"}],"replies":[{"embeddable":true,"href":"https:\/\/www.mundilibros.cl\/web\/wp-json\/wp\/v2\/comments?post=531"}],"wp:featuredmedia":[{"embeddable":true,"href":"https:\/\/www.mundilibros.cl\/web\/wp-json\/wp\/v2\/media\/575"}],"wp:attachment":[{"href":"https:\/\/www.mundilibros.cl\/web\/wp-json\/wp\/v2\/media?parent=531"}],"wp:term":[{"taxonomy":"product_brand","embeddable":true,"href":"https:\/\/www.mundilibros.cl\/web\/wp-json\/wp\/v2\/product_brand?post=531"},{"taxonomy":"product_cat","embeddable":true,"href":"https:\/\/www.mundilibros.cl\/web\/wp-json\/wp\/v2\/product_cat?post=531"},{"taxonomy":"product_tag","embeddable":true,"href":"https:\/\/www.mundilibros.cl\/web\/wp-json\/wp\/v2\/product_tag?post=531"}],"curies":[{"name":"wp","href":"https:\/\/api.w.org\/{rel}","templated":true}]}}