{"id":535,"date":"2025-11-14T19:03:11","date_gmt":"2025-11-14T19:03:11","guid":{"rendered":"https:\/\/www.mundilibros.cl\/web\/?post_type=product&#038;p=535"},"modified":"2025-11-27T19:57:18","modified_gmt":"2025-11-27T19:57:18","slug":"el-principito-bilingue-espanol-frances","status":"publish","type":"product","link":"https:\/\/www.mundilibros.cl\/web\/producto\/el-principito-bilingue-espanol-frances\/","title":{"rendered":"EL PRINCIPITO BILING\u00dcE ESPA\u00d1OL-FRANC\u00c9S"},"content":{"rendered":"<p>Obra maestra de Antoine de Saint-Exup\u00e9ry, El Principito es, probablemente, la mejor y m\u00e1s importante obra de literatura infantil de todos los tiempos.<br \/>\nEn las p\u00e1ginas de este cl\u00e1sico indiscutible se evocan, con un lenguaje sencillo, claro y de gran lirismo, los valores m\u00e1s arraigados y esenciales del humanismo. A lo largo de su inolvidable recorrido por los mundos de los mayores el protagonista nos muestra la realidad a trav\u00e9s de los ojos sabios de la infancia eterna. Sus experiencias nos hablan de la solidaridad, la bondad, la entereza, la tenacidad, el compa\u00f1erismo, el entusiasmo<br \/>\npor el conocimiento&#8230;<br \/>\nEl libro es un luminoso s\u00edmbolo del camino del ser humano en busca de los secretos que enriquecen el esp\u00edritu y traen paz al alma, un viaje de reconocimiento en el que no se emplean br\u00fajulas, sextantes ni otros aparatos de orientaci\u00f3n al uso, porque \u00abs\u00f3lo se ve bien con el coraz\u00f3n; lo esencial es invisible a los ojos\u00bb<\/p>\n<p>&nbsp;<\/p>\n<p>N\u00famero de p\u00e1ginas: 205<br \/>\nPeso: 232gr.<br \/>\nTama\u00f1o: 19.5 cm. x 12.5cm.<\/p>\n","protected":false},"excerpt":{"rendered":"<p>Obra maestra de Antoine de Saint-Exup\u00e9ry, El Principito es, probablemente, la mejor y m\u00e1s importante obra de literatura infantil de todos los tiempos. En las p\u00e1ginas<span class=\"excerpt-hellip\"> [\u2026]<\/span><\/p>\n","protected":false},"featured_media":579,"comment_status":"open","ping_status":"closed","template":"","meta":[],"product_brand":[],"product_cat":[58,89],"product_tag":[],"class_list":{"0":"post-535","1":"product","2":"type-product","3":"status-publish","4":"has-post-thumbnail","6":"product_cat-juvenil","7":"product_cat-ofertas","9":"first","10":"instock","11":"sale","12":"taxable","13":"shipping-taxable","14":"purchasable","15":"product-type-simple"},"_links":{"self":[{"href":"https:\/\/www.mundilibros.cl\/web\/wp-json\/wp\/v2\/product\/535","targetHints":{"allow":["GET"]}}],"collection":[{"href":"https:\/\/www.mundilibros.cl\/web\/wp-json\/wp\/v2\/product"}],"about":[{"href":"https:\/\/www.mundilibros.cl\/web\/wp-json\/wp\/v2\/types\/product"}],"replies":[{"embeddable":true,"href":"https:\/\/www.mundilibros.cl\/web\/wp-json\/wp\/v2\/comments?post=535"}],"wp:featuredmedia":[{"embeddable":true,"href":"https:\/\/www.mundilibros.cl\/web\/wp-json\/wp\/v2\/media\/579"}],"wp:attachment":[{"href":"https:\/\/www.mundilibros.cl\/web\/wp-json\/wp\/v2\/media?parent=535"}],"wp:term":[{"taxonomy":"product_brand","embeddable":true,"href":"https:\/\/www.mundilibros.cl\/web\/wp-json\/wp\/v2\/product_brand?post=535"},{"taxonomy":"product_cat","embeddable":true,"href":"https:\/\/www.mundilibros.cl\/web\/wp-json\/wp\/v2\/product_cat?post=535"},{"taxonomy":"product_tag","embeddable":true,"href":"https:\/\/www.mundilibros.cl\/web\/wp-json\/wp\/v2\/product_tag?post=535"}],"curies":[{"name":"wp","href":"https:\/\/api.w.org\/{rel}","templated":true}]}}