{"id":538,"date":"2025-11-14T19:03:11","date_gmt":"2025-11-14T19:03:11","guid":{"rendered":"https:\/\/www.mundilibros.cl\/web\/?post_type=product&#038;p=538"},"modified":"2025-11-14T19:03:54","modified_gmt":"2025-11-14T19:03:54","slug":"orgullo-y-prejuicio","status":"publish","type":"product","link":"https:\/\/www.mundilibros.cl\/web\/producto\/orgullo-y-prejuicio\/","title":{"rendered":"ORGULLO Y PREJUICIO"},"content":{"rendered":"<p>Novela de la inglesa Jane Austen (1775 \u2013 1817) publicada en 1817 y pionera en su g\u00e9nero. En ella se combina con gran maestr\u00eda la pincelada realista y costumbrista y la s\u00e1tira po\u00e9tica y sentimental de un mundo que muere y otro que surge con fuerza, otorgando a su autora un lugar destacado en la novel\u00edstica de todos los tiempos. Teatral como ninguna, fue arrebatada por Broadway como comedia musical y por el cine con Greer Garson y Laurence Olivier como protagonista.<\/p>\n<p>N\u00ba de p\u00e1ginas: 320<br \/>\nmedidas : 13 x 19 cms<\/p>\n","protected":false},"excerpt":{"rendered":"<p>Novela de la inglesa Jane Austen (1775 \u2013 1817) publicada en 1817 y pionera en su g\u00e9nero. En ella se combina con gran maestr\u00eda la pincelada<span class=\"excerpt-hellip\"> [\u2026]<\/span><\/p>\n","protected":false},"featured_media":584,"comment_status":"open","ping_status":"closed","template":"","meta":[],"product_brand":[],"product_cat":[25,89],"product_tag":[],"class_list":{"0":"post-538","1":"product","2":"type-product","3":"status-publish","4":"has-post-thumbnail","6":"product_cat-novelas","7":"product_cat-ofertas","9":"first","10":"instock","11":"sale","12":"taxable","13":"shipping-taxable","14":"purchasable","15":"product-type-simple"},"_links":{"self":[{"href":"https:\/\/www.mundilibros.cl\/web\/wp-json\/wp\/v2\/product\/538","targetHints":{"allow":["GET"]}}],"collection":[{"href":"https:\/\/www.mundilibros.cl\/web\/wp-json\/wp\/v2\/product"}],"about":[{"href":"https:\/\/www.mundilibros.cl\/web\/wp-json\/wp\/v2\/types\/product"}],"replies":[{"embeddable":true,"href":"https:\/\/www.mundilibros.cl\/web\/wp-json\/wp\/v2\/comments?post=538"}],"wp:featuredmedia":[{"embeddable":true,"href":"https:\/\/www.mundilibros.cl\/web\/wp-json\/wp\/v2\/media\/584"}],"wp:attachment":[{"href":"https:\/\/www.mundilibros.cl\/web\/wp-json\/wp\/v2\/media?parent=538"}],"wp:term":[{"taxonomy":"product_brand","embeddable":true,"href":"https:\/\/www.mundilibros.cl\/web\/wp-json\/wp\/v2\/product_brand?post=538"},{"taxonomy":"product_cat","embeddable":true,"href":"https:\/\/www.mundilibros.cl\/web\/wp-json\/wp\/v2\/product_cat?post=538"},{"taxonomy":"product_tag","embeddable":true,"href":"https:\/\/www.mundilibros.cl\/web\/wp-json\/wp\/v2\/product_tag?post=538"}],"curies":[{"name":"wp","href":"https:\/\/api.w.org\/{rel}","templated":true}]}}