{"id":560,"date":"2025-11-14T19:03:34","date_gmt":"2025-11-14T19:03:34","guid":{"rendered":"https:\/\/www.mundilibros.cl\/web\/?post_type=product&#038;p=560"},"modified":"2025-11-14T19:04:01","modified_gmt":"2025-11-14T19:04:01","slug":"un-mundo-feliz","status":"publish","type":"product","link":"https:\/\/www.mundilibros.cl\/web\/producto\/un-mundo-feliz\/","title":{"rendered":"UN MUNDO FELIZ"},"content":{"rendered":"<p>Un mundo feliz es un cl\u00e1sico de la literatura del siglo XX, una sombr\u00eda met\u00e1fora sobre el futuro.<br \/>\nLa novela describe un mundo en el que finalmente se han cumplido los peores vaticinios: triunfan los dioses del consumo y la comodidad, y el orbe se organiza en diez zonas en apariencia seguras y estables.<\/p>\n<p>Sin embargo, este mundo ha sacrificado valores humanos esenciales, y sus habitantes son procreados in vitro a imagen y semejanza de una cadena de montaje.<\/p>\n<p>&nbsp;<\/p>\n<pre>N\u00baDE P\u00c1GINAS: 222\r\nENCUADERNACI\u00d3N: TAPA BLANDA\r\nmedidas : 12 x 19 cms.<\/pre>\n","protected":false},"excerpt":{"rendered":"<p>Un mundo feliz es un cl\u00e1sico de la literatura del siglo XX, una sombr\u00eda met\u00e1fora sobre el futuro. La novela describe un mundo en el que<span class=\"excerpt-hellip\"> [\u2026]<\/span><\/p>\n","protected":false},"featured_media":609,"comment_status":"open","ping_status":"closed","template":"","meta":[],"product_brand":[],"product_cat":[110],"product_tag":[],"class_list":{"0":"post-560","1":"product","2":"type-product","3":"status-publish","4":"has-post-thumbnail","6":"product_cat-clasicos","8":"first","9":"outofstock","10":"taxable","11":"shipping-taxable","12":"purchasable","13":"product-type-simple"},"_links":{"self":[{"href":"https:\/\/www.mundilibros.cl\/web\/wp-json\/wp\/v2\/product\/560","targetHints":{"allow":["GET"]}}],"collection":[{"href":"https:\/\/www.mundilibros.cl\/web\/wp-json\/wp\/v2\/product"}],"about":[{"href":"https:\/\/www.mundilibros.cl\/web\/wp-json\/wp\/v2\/types\/product"}],"replies":[{"embeddable":true,"href":"https:\/\/www.mundilibros.cl\/web\/wp-json\/wp\/v2\/comments?post=560"}],"wp:featuredmedia":[{"embeddable":true,"href":"https:\/\/www.mundilibros.cl\/web\/wp-json\/wp\/v2\/media\/609"}],"wp:attachment":[{"href":"https:\/\/www.mundilibros.cl\/web\/wp-json\/wp\/v2\/media?parent=560"}],"wp:term":[{"taxonomy":"product_brand","embeddable":true,"href":"https:\/\/www.mundilibros.cl\/web\/wp-json\/wp\/v2\/product_brand?post=560"},{"taxonomy":"product_cat","embeddable":true,"href":"https:\/\/www.mundilibros.cl\/web\/wp-json\/wp\/v2\/product_cat?post=560"},{"taxonomy":"product_tag","embeddable":true,"href":"https:\/\/www.mundilibros.cl\/web\/wp-json\/wp\/v2\/product_tag?post=560"}],"curies":[{"name":"wp","href":"https:\/\/api.w.org\/{rel}","templated":true}]}}